{"id":422,"date":"2026-03-23T22:24:36","date_gmt":"2026-03-23T22:24:36","guid":{"rendered":"https:\/\/shop.repusel.com\/product\/3010-einzel-glas-getontes-plan-glas\/"},"modified":"2026-04-16T07:48:41","modified_gmt":"2026-04-16T07:48:41","slug":"3010-einzel-glas-getontes-plan-glas","status":"publish","type":"product","link":"https:\/\/shop.repusel.com\/de\/produkt\/3010-einzel-glas-getontes-plan-glas\/","title":{"rendered":"3010 Ersatzglas, get\u00f6ntes Flachglas"},"content":{"rendered":"<p>Plan, get\u00f6ntes Glas f\u00fcr Luxmax (anti-Blendung).<\/p>\n","protected":false},"excerpt":{"rendered":"<p>Plan, get\u00f6ntes Glas f\u00fcr Luxmax (anti-Blendung).<\/p>\n","protected":false},"featured_media":423,"comment_status":"open","ping_status":"closed","template":"","meta":[],"product_brand":[],"product_cat":[54],"product_tag":[],"class_list":{"0":"post-422","1":"product","2":"type-product","3":"status-publish","4":"has-post-thumbnail","6":"product_cat-ersatzteile-alufor-und-luxmax","8":"first","9":"instock","10":"taxable","11":"shipping-taxable","12":"purchasable","13":"product-type-simple"},"_links":{"self":[{"href":"https:\/\/shop.repusel.com\/de\/wp-json\/wp\/v2\/product\/422","targetHints":{"allow":["GET"]}}],"collection":[{"href":"https:\/\/shop.repusel.com\/de\/wp-json\/wp\/v2\/product"}],"about":[{"href":"https:\/\/shop.repusel.com\/de\/wp-json\/wp\/v2\/types\/product"}],"replies":[{"embeddable":true,"href":"https:\/\/shop.repusel.com\/de\/wp-json\/wp\/v2\/comments?post=422"}],"wp:featuredmedia":[{"embeddable":true,"href":"https:\/\/shop.repusel.com\/de\/wp-json\/wp\/v2\/media\/423"}],"wp:attachment":[{"href":"https:\/\/shop.repusel.com\/de\/wp-json\/wp\/v2\/media?parent=422"}],"wp:term":[{"taxonomy":"product_brand","embeddable":true,"href":"https:\/\/shop.repusel.com\/de\/wp-json\/wp\/v2\/product_brand?post=422"},{"taxonomy":"product_cat","embeddable":true,"href":"https:\/\/shop.repusel.com\/de\/wp-json\/wp\/v2\/product_cat?post=422"},{"taxonomy":"product_tag","embeddable":true,"href":"https:\/\/shop.repusel.com\/de\/wp-json\/wp\/v2\/product_tag?post=422"}],"curies":[{"name":"wp","href":"https:\/\/api.w.org\/{rel}","templated":true}]}}