{"id":430,"date":"2026-03-25T14:14:56","date_gmt":"2026-03-25T14:14:56","guid":{"rendered":"https:\/\/shop.repusel.com\/product\/3014-spiegelkappe-plan-anti-blendung-getontes-glas\/"},"modified":"2026-04-16T07:56:16","modified_gmt":"2026-04-16T07:56:16","slug":"3014-spiegelkappe-plan-anti-blendung-getontes-glas","status":"publish","type":"product","link":"https:\/\/shop.repusel.com\/de\/produkt\/3014-spiegelkappe-plan-anti-blendung-getontes-glas\/","title":{"rendered":"3014 Ersatz-Spiegelkopf, plan get\u00f6ntes blendfreies Glas"},"content":{"rendered":"<p>Spiegelkappe f\u00fcr die Repusel Caravan Spiegel, Luxmax und Manomak. Komplett mit Glas plan, blau get\u00f6nt, anti-blendung und gummi Ring. <\/p>\n","protected":false},"excerpt":{"rendered":"<p>Spiegelkappe f\u00fcr die Repusel Caravan Spiegel, Luxmax und Manomak. Komplett mit Glas plan, blau get\u00f6nt, anti-blendung und gummi Ring.<\/p>\n","protected":false},"featured_media":431,"comment_status":"open","ping_status":"closed","template":"","meta":[],"product_brand":[],"product_cat":[54],"product_tag":[],"class_list":{"0":"post-430","1":"product","2":"type-product","3":"status-publish","4":"has-post-thumbnail","6":"product_cat-ersatzteile-alufor-und-luxmax","8":"first","9":"instock","10":"taxable","11":"shipping-taxable","12":"purchasable","13":"product-type-simple"},"_links":{"self":[{"href":"https:\/\/shop.repusel.com\/de\/wp-json\/wp\/v2\/product\/430","targetHints":{"allow":["GET"]}}],"collection":[{"href":"https:\/\/shop.repusel.com\/de\/wp-json\/wp\/v2\/product"}],"about":[{"href":"https:\/\/shop.repusel.com\/de\/wp-json\/wp\/v2\/types\/product"}],"replies":[{"embeddable":true,"href":"https:\/\/shop.repusel.com\/de\/wp-json\/wp\/v2\/comments?post=430"}],"wp:featuredmedia":[{"embeddable":true,"href":"https:\/\/shop.repusel.com\/de\/wp-json\/wp\/v2\/media\/431"}],"wp:attachment":[{"href":"https:\/\/shop.repusel.com\/de\/wp-json\/wp\/v2\/media?parent=430"}],"wp:term":[{"taxonomy":"product_brand","embeddable":true,"href":"https:\/\/shop.repusel.com\/de\/wp-json\/wp\/v2\/product_brand?post=430"},{"taxonomy":"product_cat","embeddable":true,"href":"https:\/\/shop.repusel.com\/de\/wp-json\/wp\/v2\/product_cat?post=430"},{"taxonomy":"product_tag","embeddable":true,"href":"https:\/\/shop.repusel.com\/de\/wp-json\/wp\/v2\/product_tag?post=430"}],"curies":[{"name":"wp","href":"https:\/\/api.w.org\/{rel}","templated":true}]}}