{"id":450,"date":"2026-03-25T14:40:10","date_gmt":"2026-03-25T14:40:10","guid":{"rendered":"https:\/\/shop.repusel.com\/product\/3020-klemhalter-ohne-flugel-andreh-knopf\/"},"modified":"2026-04-16T08:18:20","modified_gmt":"2026-04-16T08:18:20","slug":"3020-klemhalter-ohne-flugel-andreh-knopf","status":"publish","type":"product","link":"https:\/\/shop.repusel.com\/de\/produkt\/3020-klemhalter-ohne-flugel-andreh-knopf\/","title":{"rendered":"3020 Spannhalter, ohne Fl\u00fcgeldrehkn\u00f6pfe"},"content":{"rendered":"<p>3020 Klemhalter, ohne Fl\u00fcgel-Andreh-knopf<\/p>\n","protected":false},"excerpt":{"rendered":"<p>3020 Klemhalter, ohne Fl\u00fcgel-Andreh-knopf<\/p>\n","protected":false},"featured_media":451,"comment_status":"open","ping_status":"closed","template":"","meta":[],"product_brand":[],"product_cat":[54],"product_tag":[],"class_list":{"0":"post-450","1":"product","2":"type-product","3":"status-publish","4":"has-post-thumbnail","6":"product_cat-ersatzteile-alufor-und-luxmax","8":"first","9":"instock","10":"taxable","11":"shipping-taxable","12":"purchasable","13":"product-type-simple"},"_links":{"self":[{"href":"https:\/\/shop.repusel.com\/de\/wp-json\/wp\/v2\/product\/450","targetHints":{"allow":["GET"]}}],"collection":[{"href":"https:\/\/shop.repusel.com\/de\/wp-json\/wp\/v2\/product"}],"about":[{"href":"https:\/\/shop.repusel.com\/de\/wp-json\/wp\/v2\/types\/product"}],"replies":[{"embeddable":true,"href":"https:\/\/shop.repusel.com\/de\/wp-json\/wp\/v2\/comments?post=450"}],"wp:featuredmedia":[{"embeddable":true,"href":"https:\/\/shop.repusel.com\/de\/wp-json\/wp\/v2\/media\/451"}],"wp:attachment":[{"href":"https:\/\/shop.repusel.com\/de\/wp-json\/wp\/v2\/media?parent=450"}],"wp:term":[{"taxonomy":"product_brand","embeddable":true,"href":"https:\/\/shop.repusel.com\/de\/wp-json\/wp\/v2\/product_brand?post=450"},{"taxonomy":"product_cat","embeddable":true,"href":"https:\/\/shop.repusel.com\/de\/wp-json\/wp\/v2\/product_cat?post=450"},{"taxonomy":"product_tag","embeddable":true,"href":"https:\/\/shop.repusel.com\/de\/wp-json\/wp\/v2\/product_tag?post=450"}],"curies":[{"name":"wp","href":"https:\/\/api.w.org\/{rel}","templated":true}]}}