{"id":467,"date":"2026-03-25T14:54:09","date_gmt":"2026-03-25T14:54:09","guid":{"rendered":"https:\/\/shop.repusel.com\/product\/3044-oktopus-es-kraftsauger-per-stuck\/"},"modified":"2026-04-16T08:47:25","modified_gmt":"2026-04-16T08:47:25","slug":"3044-oktopus-es-kraftsauger-per-stuck","status":"publish","type":"product","link":"https:\/\/shop.repusel.com\/de\/produkt\/3044-oktopus-es-kraftsauger-per-stuck\/","title":{"rendered":"3044 Octopus ES Power Sucker, pro St\u00fcck"},"content":{"rendered":"<p style=\"font-weight: 400;\">Die Repusel Caravan Spiegel (Art 3000-3007) passen auf fast alle Autospiegel.<\/p>\n<p>In einige F\u00e4lle, wobei die Autospiegel sehr gross, rund und manchmal auch noch sehr schr\u00e4g ablaufen, k\u00f6nnte es sein dass die Repusel Caravan Spiegel noch nicht optimal befestigt sind.<\/p>\n<p>F\u00fcr diese Extremspiegel haben wir die Oktopus ES entwickelt, so dass es auch daf\u00fcr eine L\u00f6sung gibt.<\/p>\n<p style=\"font-weight: 400;\">Inbegriffen:<\/p>\n<ul style=\"font-weight: 400;\">\n<li>Kraftsauger<\/li>\n<\/ul>\n<ul style=\"font-weight: 400;\">\n<li>Befestigungsteile<\/li>\n<\/ul>\n","protected":false},"excerpt":{"rendered":"<p>Die Repusel Caravan Spiegel (Art 3000-3007) passen auf fast alle Autospiegel. In einige F\u00e4lle, wobei die Autospiegel sehr gross, rund und manchmal auch noch sehr schr\u00e4g ablaufen, k\u00f6nnte es sein dass die Repusel Caravan Spiegel noch nicht optimal befestigt sind. F\u00fcr diese Extremspiegel haben wir die Oktopus ES entwickelt, so dass es auch daf\u00fcr eine [&hellip;]<\/p>\n","protected":false},"featured_media":469,"comment_status":"open","ping_status":"closed","template":"","meta":[],"product_brand":[],"product_cat":[62],"product_tag":[],"class_list":{"0":"post-467","1":"product","2":"type-product","3":"status-publish","4":"has-post-thumbnail","6":"product_cat-spiegel-problem-loser","8":"first","9":"instock","10":"taxable","11":"shipping-taxable","12":"purchasable","13":"product-type-simple"},"_links":{"self":[{"href":"https:\/\/shop.repusel.com\/de\/wp-json\/wp\/v2\/product\/467","targetHints":{"allow":["GET"]}}],"collection":[{"href":"https:\/\/shop.repusel.com\/de\/wp-json\/wp\/v2\/product"}],"about":[{"href":"https:\/\/shop.repusel.com\/de\/wp-json\/wp\/v2\/types\/product"}],"replies":[{"embeddable":true,"href":"https:\/\/shop.repusel.com\/de\/wp-json\/wp\/v2\/comments?post=467"}],"wp:featuredmedia":[{"embeddable":true,"href":"https:\/\/shop.repusel.com\/de\/wp-json\/wp\/v2\/media\/469"}],"wp:attachment":[{"href":"https:\/\/shop.repusel.com\/de\/wp-json\/wp\/v2\/media?parent=467"}],"wp:term":[{"taxonomy":"product_brand","embeddable":true,"href":"https:\/\/shop.repusel.com\/de\/wp-json\/wp\/v2\/product_brand?post=467"},{"taxonomy":"product_cat","embeddable":true,"href":"https:\/\/shop.repusel.com\/de\/wp-json\/wp\/v2\/product_cat?post=467"},{"taxonomy":"product_tag","embeddable":true,"href":"https:\/\/shop.repusel.com\/de\/wp-json\/wp\/v2\/product_tag?post=467"}],"curies":[{"name":"wp","href":"https:\/\/api.w.org\/{rel}","templated":true}]}}