{"id":473,"date":"2026-03-25T15:14:16","date_gmt":"2026-03-25T15:14:16","guid":{"rendered":"https:\/\/shop.repusel.com\/product\/8790-dasta-pro-stuck\/"},"modified":"2026-04-16T08:55:38","modified_gmt":"2026-04-16T08:55:38","slug":"8790-dasta-pro-stuck","status":"publish","type":"product","link":"https:\/\/shop.repusel.com\/de\/produkt\/8790-dasta-pro-stuck\/","title":{"rendered":"8790 Dasta, pro St\u00fcck"},"content":{"rendered":"<p><span style=\"color: #3366cc; font-size: small;\"><strong><span style=\"font-family: Arial, Helvetica, sans-serif; font-size: medium;\">DASTA &#8211; <em>Caravanspiegel St\u00fctzarm <\/em><\/span><\/strong><\/span><\/p>\n<p>Der Dasta verbessert die Stabilit\u00e4t der Aufsatzspiegel erheblich.<\/p>\n<ul>\n<li>Beugt auf effektive Weise das Zur\u00fcckklappen der Aufsatzspiegel durch LKW&#8217;s und Windb\u00f6en vor.<\/li>\n<\/ul>\n<ul>\n<li>St\u00fctzarm mit Kraftsauger<\/li>\n<\/ul>\n<ul>\n<li>Mit neuem <em><a href=\"https:\/\/www.repusel.com\/ENGLISH\/catalog\/product_detail.php?categories_id=47&amp;products_id=116\" target=\"_blank\" rel=\"noopener\">Octopus Kraftsauger<\/a><\/em>: hat sehr stark verbesserte Haft Eigenschaften.<\/li>\n<\/ul>\n<ul>\n<li>Ausschlie\u00dflich anwendbar beim Repusel Caravan Spiegel.<\/li>\n<\/ul>\n<ul>\n<li>Wenn Sie den Dasta nicht verwenden, m\u00fcssen Sie von der Autoverkleidung entfernt werden.<\/li>\n<\/ul>\n","protected":false},"excerpt":{"rendered":"<p>DASTA &#8211; Caravanspiegel St\u00fctzarm Der Dasta verbessert die Stabilit\u00e4t der Aufsatzspiegel erheblich. Beugt auf effektive Weise das Zur\u00fcckklappen der Aufsatzspiegel durch LKW&#8217;s und Windb\u00f6en vor. St\u00fctzarm mit Kraftsauger Mit neuem Octopus Kraftsauger: hat sehr stark verbesserte Haft Eigenschaften. Ausschlie\u00dflich anwendbar beim Repusel Caravan Spiegel. Wenn Sie den Dasta nicht verwenden, m\u00fcssen Sie von der Autoverkleidung [&hellip;]<\/p>\n","protected":false},"featured_media":472,"comment_status":"open","ping_status":"closed","template":"","meta":[],"product_brand":[],"product_cat":[62],"product_tag":[],"class_list":{"0":"post-473","1":"product","2":"type-product","3":"status-publish","4":"has-post-thumbnail","6":"product_cat-spiegel-problem-loser","8":"first","9":"instock","10":"taxable","11":"shipping-taxable","12":"purchasable","13":"product-type-simple"},"_links":{"self":[{"href":"https:\/\/shop.repusel.com\/de\/wp-json\/wp\/v2\/product\/473","targetHints":{"allow":["GET"]}}],"collection":[{"href":"https:\/\/shop.repusel.com\/de\/wp-json\/wp\/v2\/product"}],"about":[{"href":"https:\/\/shop.repusel.com\/de\/wp-json\/wp\/v2\/types\/product"}],"replies":[{"embeddable":true,"href":"https:\/\/shop.repusel.com\/de\/wp-json\/wp\/v2\/comments?post=473"}],"wp:featuredmedia":[{"embeddable":true,"href":"https:\/\/shop.repusel.com\/de\/wp-json\/wp\/v2\/media\/472"}],"wp:attachment":[{"href":"https:\/\/shop.repusel.com\/de\/wp-json\/wp\/v2\/media?parent=473"}],"wp:term":[{"taxonomy":"product_brand","embeddable":true,"href":"https:\/\/shop.repusel.com\/de\/wp-json\/wp\/v2\/product_brand?post=473"},{"taxonomy":"product_cat","embeddable":true,"href":"https:\/\/shop.repusel.com\/de\/wp-json\/wp\/v2\/product_cat?post=473"},{"taxonomy":"product_tag","embeddable":true,"href":"https:\/\/shop.repusel.com\/de\/wp-json\/wp\/v2\/product_tag?post=473"}],"curies":[{"name":"wp","href":"https:\/\/api.w.org\/{rel}","templated":true}]}}