{"id":476,"date":"2026-03-26T10:20:38","date_gmt":"2026-03-26T10:20:38","guid":{"rendered":"https:\/\/shop.repusel.com\/product\/2492-golimak-pro-stuck\/"},"modified":"2026-04-16T09:32:27","modified_gmt":"2026-04-16T09:32:27","slug":"2492-golimak-pro-stuck","status":"publish","type":"product","link":"https:\/\/shop.repusel.com\/de\/produkt\/2492-golimak-pro-stuck\/","title":{"rendered":"2492 Golimak, pro St\u00fcck"},"content":{"rendered":"<p><strong><span style=\"font-family: Arial, Helvetica, sans-serif; font-size: medium;\">Golimak<\/span><\/strong><\/p>\n<p><strong><span style=\"font-family: Arial, Helvetica, sans-serif; font-size: medium;\"><em>Caravanspiegel St\u00fctzarm mit Magnetplatte<\/em><\/span><\/strong><\/p>\n<p>Der GOLIMAK verbessert die Stabilit\u00e4t der Aufsatzspiegel erheblich und beugt auf effektive Weise das Zur\u00fcckklappen der Aufsatzspiegel durch LKW\u2019s und Windb\u00f6en vor.Magnetplatte mit St\u00fctzarm.<\/p>\n<p>Dieses Zubeh\u00f6r ist sehr geeignet f\u00fcr Fahrzeuge mit schwachen Au\u00dfenspiegel und sorgt f\u00fcr mehr Stabilit\u00e4t bei l\u00e4ngeren Armen.<\/p>\n<div>Der Golimak passt auf fast jeden PKW (jedoch nicht auf Kunststoff T\u00fcre). <\/div>\n<div><\/div>\n<div>Die Magnetplatte ist speziell beschichtet, sodass es nicht zu Lackbesch\u00e4digungen kommen kann.<\/div>\n<div><\/div>\n<div>Geeignet f\u00fcr die Wintersport.<\/div>\n<div><\/div>\n<div>Ein hervorragendes Alternativ f\u00fcr Fahrzeuge worauf kein Saugnapf montiert werden kann.<\/div>\n","protected":false},"excerpt":{"rendered":"<p>Golimak Caravanspiegel St\u00fctzarm mit Magnetplatte Der GOLIMAK verbessert die Stabilit\u00e4t der Aufsatzspiegel erheblich und beugt auf effektive Weise das Zur\u00fcckklappen der Aufsatzspiegel durch LKW\u2019s und Windb\u00f6en vor.Magnetplatte mit St\u00fctzarm. Dieses Zubeh\u00f6r ist sehr geeignet f\u00fcr Fahrzeuge mit schwachen Au\u00dfenspiegel und sorgt f\u00fcr mehr Stabilit\u00e4t bei l\u00e4ngeren Armen. Der Golimak passt auf fast jeden PKW (jedoch [&hellip;]<\/p>\n","protected":false},"featured_media":475,"comment_status":"open","ping_status":"closed","template":"","meta":[],"product_brand":[],"product_cat":[62],"product_tag":[],"class_list":{"0":"post-476","1":"product","2":"type-product","3":"status-publish","4":"has-post-thumbnail","6":"product_cat-spiegel-problem-loser","8":"first","9":"instock","10":"taxable","11":"shipping-taxable","12":"purchasable","13":"product-type-simple"},"_links":{"self":[{"href":"https:\/\/shop.repusel.com\/de\/wp-json\/wp\/v2\/product\/476","targetHints":{"allow":["GET"]}}],"collection":[{"href":"https:\/\/shop.repusel.com\/de\/wp-json\/wp\/v2\/product"}],"about":[{"href":"https:\/\/shop.repusel.com\/de\/wp-json\/wp\/v2\/types\/product"}],"replies":[{"embeddable":true,"href":"https:\/\/shop.repusel.com\/de\/wp-json\/wp\/v2\/comments?post=476"}],"wp:featuredmedia":[{"embeddable":true,"href":"https:\/\/shop.repusel.com\/de\/wp-json\/wp\/v2\/media\/475"}],"wp:attachment":[{"href":"https:\/\/shop.repusel.com\/de\/wp-json\/wp\/v2\/media?parent=476"}],"wp:term":[{"taxonomy":"product_brand","embeddable":true,"href":"https:\/\/shop.repusel.com\/de\/wp-json\/wp\/v2\/product_brand?post=476"},{"taxonomy":"product_cat","embeddable":true,"href":"https:\/\/shop.repusel.com\/de\/wp-json\/wp\/v2\/product_cat?post=476"},{"taxonomy":"product_tag","embeddable":true,"href":"https:\/\/shop.repusel.com\/de\/wp-json\/wp\/v2\/product_tag?post=476"}],"curies":[{"name":"wp","href":"https:\/\/api.w.org\/{rel}","templated":true}]}}