{"id":481,"date":"2026-03-26T10:55:42","date_gmt":"2026-03-26T10:55:42","guid":{"rendered":"https:\/\/shop.repusel.com\/product\/seju-baby-2\/"},"modified":"2026-04-16T10:13:06","modified_gmt":"2026-04-16T10:13:06","slug":"seju-baby-2","status":"publish","type":"product","link":"https:\/\/shop.repusel.com\/de\/produkt\/seju-baby-2\/","title":{"rendered":"1349 Seju Baby"},"content":{"rendered":"<div align=\"center\"><img loading=\"lazy\" decoding=\"async\" title=\"Seju\" src=\"https:\/\/repusel.com\/CATALOG_IMAGES\/Productimages\/Seju\/Seju%20logo1.png\" width=\"200\" height=\"128\" align=\"middle\" border=\"0\"><\/div>\n<div align=\"center\">\n<div align=\"center\"><span style=\"font-size: x-large;\"><strong>BABY<\/strong><\/span><\/div>\n<div align=\"center\">\n<div align=\"center\"><em>&#8222;Ein L\u00e4cheln oder ein niedlicher Blick f\u00fcr ein sicheres Gef\u00fchl&#8220;<\/em><\/div>\n<div align=\"center\">\n<div align=\"left\"><strong>Ihr Kind oder Baby sicher im Blick behalten<br \/>ohne sich umzudrehen;<br \/>ohne den Innenspiegel zu verstellen.<\/strong><\/div>\n<div align=\"left\">\n<div align=\"left\">\n<ul>\n<li>Starke Haftung auf jeder Windschutzscheibe dank Kraftsauger.<\/li>\n<li>In alle Richtungen einstellbar.<\/li>\n<li>Einfache Montage.<\/li>\n<li>14,7 x 6,1<\/li>\n<\/ul>\n<\/div>\n<\/div>\n<\/div>\n<\/div>\n<\/div>\n","protected":false},"excerpt":{"rendered":"<p>BABY &#8222;Ein L\u00e4cheln oder ein niedlicher Blick f\u00fcr ein sicheres Gef\u00fchl&#8220; Ihr Kind oder Baby sicher im Blick behaltenohne sich umzudrehen;ohne den Innenspiegel zu verstellen. Starke Haftung auf jeder Windschutzscheibe dank Kraftsauger. In alle Richtungen einstellbar. Einfache Montage. 14,7 x 6,1<\/p>\n","protected":false},"featured_media":482,"comment_status":"open","ping_status":"closed","template":"","meta":[],"product_brand":[],"product_cat":[56],"product_tag":[],"class_list":{"0":"post-481","1":"product","2":"type-product","3":"status-publish","4":"has-post-thumbnail","6":"product_cat-innenspiegel","8":"first","9":"instock","10":"taxable","11":"shipping-taxable","12":"purchasable","13":"product-type-simple"},"_links":{"self":[{"href":"https:\/\/shop.repusel.com\/de\/wp-json\/wp\/v2\/product\/481","targetHints":{"allow":["GET"]}}],"collection":[{"href":"https:\/\/shop.repusel.com\/de\/wp-json\/wp\/v2\/product"}],"about":[{"href":"https:\/\/shop.repusel.com\/de\/wp-json\/wp\/v2\/types\/product"}],"replies":[{"embeddable":true,"href":"https:\/\/shop.repusel.com\/de\/wp-json\/wp\/v2\/comments?post=481"}],"wp:featuredmedia":[{"embeddable":true,"href":"https:\/\/shop.repusel.com\/de\/wp-json\/wp\/v2\/media\/482"}],"wp:attachment":[{"href":"https:\/\/shop.repusel.com\/de\/wp-json\/wp\/v2\/media?parent=481"}],"wp:term":[{"taxonomy":"product_brand","embeddable":true,"href":"https:\/\/shop.repusel.com\/de\/wp-json\/wp\/v2\/product_brand?post=481"},{"taxonomy":"product_cat","embeddable":true,"href":"https:\/\/shop.repusel.com\/de\/wp-json\/wp\/v2\/product_cat?post=481"},{"taxonomy":"product_tag","embeddable":true,"href":"https:\/\/shop.repusel.com\/de\/wp-json\/wp\/v2\/product_tag?post=481"}],"curies":[{"name":"wp","href":"https:\/\/api.w.org\/{rel}","templated":true}]}}