{"id":483,"date":"2026-03-26T10:56:46","date_gmt":"2026-03-26T10:56:46","guid":{"rendered":"https:\/\/shop.repusel.com\/product\/1348-seju-companion-blickkontaktspiegel\/"},"modified":"2026-04-16T10:14:06","modified_gmt":"2026-04-16T10:14:06","slug":"1348-seju-companion-blickkontaktspiegel","status":"publish","type":"product","link":"https:\/\/shop.repusel.com\/de\/produkt\/1348-seju-companion-blickkontaktspiegel\/","title":{"rendered":"1348 Seju Companion Blickkontaktspiegel"},"content":{"rendered":"<div align=\"center\"><img loading=\"lazy\" decoding=\"async\" title=\"Seju\" src=\"https:\/\/repusel.com\/CATALOG_IMAGES\/Productimages\/Seju\/Seju%20logo1.png\" width=\"200\" height=\"128\" align=\"middle\" border=\"0\"><\/div>\n<div align=\"center\"><span style=\"font-size: large;\"><strong>Companion<\/strong><\/span><\/div>\n<div align=\"center\">\n<div align=\"center\"><em>&#8222;Gemeinsam mit Ihren Reisegef\u00e4hrten<br \/>wird jede Fahrt zum Vergn\u00fcgen..&#8220;<\/em><\/div>\n<div align=\"center\"><strong>Sicheres Reisen in Gesellschaft<\/strong><br \/>\n<strong>ohne sich umzudrehen;<\/strong><br \/>\n<strong>ohne den Innenspiegel zu verstellen.<\/strong><\/p>\n<div align=\"center\">\n<div align=\"left\">\n<ul>\n<li>Die R\u00fcckbank gut im Blick.<\/li>\n<li>F\u00fcr PKW, Busse und Wohnmobile.<\/li>\n<li>Starke Haftung auf jeder Windschutzscheibe dank Kraftsauger.<\/li>\n<li>In alle Richtungen einstellbar.<\/li>\n<li>Einfache Montage.<\/li>\n<li>16,1 x 10,2 cm.<\/li>\n<\/ul>\n<\/div>\n<\/div>\n<\/div>\n<\/div>\n","protected":false},"excerpt":{"rendered":"<p>Companion &#8222;Gemeinsam mit Ihren Reisegef\u00e4hrtenwird jede Fahrt zum Vergn\u00fcgen..&#8220; Sicheres Reisen in Gesellschaft ohne sich umzudrehen; ohne den Innenspiegel zu verstellen. Die R\u00fcckbank gut im Blick. F\u00fcr PKW, Busse und Wohnmobile. Starke Haftung auf jeder Windschutzscheibe dank Kraftsauger. In alle Richtungen einstellbar. Einfache Montage. 16,1 x 10,2 cm.<\/p>\n","protected":false},"featured_media":484,"comment_status":"open","ping_status":"closed","template":"","meta":[],"product_brand":[],"product_cat":[56],"product_tag":[],"class_list":{"0":"post-483","1":"product","2":"type-product","3":"status-publish","4":"has-post-thumbnail","6":"product_cat-innenspiegel","8":"first","9":"instock","10":"taxable","11":"shipping-taxable","12":"purchasable","13":"product-type-simple"},"_links":{"self":[{"href":"https:\/\/shop.repusel.com\/de\/wp-json\/wp\/v2\/product\/483","targetHints":{"allow":["GET"]}}],"collection":[{"href":"https:\/\/shop.repusel.com\/de\/wp-json\/wp\/v2\/product"}],"about":[{"href":"https:\/\/shop.repusel.com\/de\/wp-json\/wp\/v2\/types\/product"}],"replies":[{"embeddable":true,"href":"https:\/\/shop.repusel.com\/de\/wp-json\/wp\/v2\/comments?post=483"}],"wp:featuredmedia":[{"embeddable":true,"href":"https:\/\/shop.repusel.com\/de\/wp-json\/wp\/v2\/media\/484"}],"wp:attachment":[{"href":"https:\/\/shop.repusel.com\/de\/wp-json\/wp\/v2\/media?parent=483"}],"wp:term":[{"taxonomy":"product_brand","embeddable":true,"href":"https:\/\/shop.repusel.com\/de\/wp-json\/wp\/v2\/product_brand?post=483"},{"taxonomy":"product_cat","embeddable":true,"href":"https:\/\/shop.repusel.com\/de\/wp-json\/wp\/v2\/product_cat?post=483"},{"taxonomy":"product_tag","embeddable":true,"href":"https:\/\/shop.repusel.com\/de\/wp-json\/wp\/v2\/product_tag?post=483"}],"curies":[{"name":"wp","href":"https:\/\/api.w.org\/{rel}","templated":true}]}}