{"id":486,"date":"2026-03-26T11:00:20","date_gmt":"2026-03-26T11:00:20","guid":{"rendered":"https:\/\/shop.repusel.com\/product\/1123-krok-one-plus-glas-plan\/"},"modified":"2026-04-16T10:23:58","modified_gmt":"2026-04-16T10:23:58","slug":"1123-krok-one-plus-glas-plan","status":"publish","type":"product","link":"https:\/\/shop.repusel.com\/de\/produkt\/1123-krok-one-plus-glas-plan\/","title":{"rendered":"1123 Krok One Plus, flaches Glas"},"content":{"rendered":"<p align=\"center\"><strong><span style=\"font-size: small;\">Krok One Plus (1123)<br \/>\n<\/span><\/strong><\/p>\n<p align=\"center\"><strong><span style=\"font-size: small;\">Glas plan<\/span><\/strong><\/p>\n<p>Sehr flexibel Klemmsystem f\u00fcr Montage auf Ihrer Spiegelkappe.<\/p>\n<ul>\n<li>\u00c4u\u00dferst kr\u00e4ftige Konstruktion.<\/li>\n<\/ul>\n<ul>\n<li>Montage in wenigen Sekunden.<\/li>\n<\/ul>\n<ul>\n<li>Gute Sicht: Nach allen Seiten drehbare Spiegelkappe.<\/li>\n<\/ul>\n<ul>\n<li>GROSSBILD Spiegelkopf<\/li>\n<\/ul>\n<ul>\n<li>inkl. Sicherheits Gummiband<\/li>\n<\/ul>\n<ul>\n<li>E-gepr\u00fcft<\/li>\n<\/ul>\n","protected":false},"excerpt":{"rendered":"<p>Krok One Plus (1123) Glas plan Sehr flexibel Klemmsystem f\u00fcr Montage auf Ihrer Spiegelkappe. \u00c4u\u00dferst kr\u00e4ftige Konstruktion. Montage in wenigen Sekunden. Gute Sicht: Nach allen Seiten drehbare Spiegelkappe. GROSSBILD Spiegelkopf inkl. Sicherheits Gummiband E-gepr\u00fcft<\/p>\n","protected":false},"featured_media":487,"comment_status":"open","ping_status":"closed","template":"","meta":[],"product_brand":[],"product_cat":[63],"product_tag":[],"class_list":{"0":"post-486","1":"product","2":"type-product","3":"status-publish","4":"has-post-thumbnail","6":"product_cat-andere-caravan-spiegel","8":"first","9":"instock","10":"taxable","11":"shipping-taxable","12":"purchasable","13":"product-type-simple"},"_links":{"self":[{"href":"https:\/\/shop.repusel.com\/de\/wp-json\/wp\/v2\/product\/486","targetHints":{"allow":["GET"]}}],"collection":[{"href":"https:\/\/shop.repusel.com\/de\/wp-json\/wp\/v2\/product"}],"about":[{"href":"https:\/\/shop.repusel.com\/de\/wp-json\/wp\/v2\/types\/product"}],"replies":[{"embeddable":true,"href":"https:\/\/shop.repusel.com\/de\/wp-json\/wp\/v2\/comments?post=486"}],"wp:featuredmedia":[{"embeddable":true,"href":"https:\/\/shop.repusel.com\/de\/wp-json\/wp\/v2\/media\/487"}],"wp:attachment":[{"href":"https:\/\/shop.repusel.com\/de\/wp-json\/wp\/v2\/media?parent=486"}],"wp:term":[{"taxonomy":"product_brand","embeddable":true,"href":"https:\/\/shop.repusel.com\/de\/wp-json\/wp\/v2\/product_brand?post=486"},{"taxonomy":"product_cat","embeddable":true,"href":"https:\/\/shop.repusel.com\/de\/wp-json\/wp\/v2\/product_cat?post=486"},{"taxonomy":"product_tag","embeddable":true,"href":"https:\/\/shop.repusel.com\/de\/wp-json\/wp\/v2\/product_tag?post=486"}],"curies":[{"name":"wp","href":"https:\/\/api.w.org\/{rel}","templated":true}]}}