{"id":490,"date":"2026-03-26T11:06:01","date_gmt":"2026-03-26T11:06:01","guid":{"rendered":"https:\/\/shop.repusel.com\/product\/bari-glas-plan\/"},"modified":"2026-04-16T14:44:23","modified_gmt":"2026-04-16T14:44:23","slug":"bari-glas-plan","status":"publish","type":"product","link":"https:\/\/shop.repusel.com\/de\/produkt\/bari-glas-plan\/","title":{"rendered":"1296 Bari, Flachglas"},"content":{"rendered":"<p align=\"center\"><strong><span style=\"font-family: times new roman, times; font-size: medium;\">Bari (1296)<br \/>\n<\/span><\/strong><\/p>\n<div align=\"center\"><strong><span style=\"font-family: times new roman, times; font-size: medium;\">Glas plan<\/span><\/strong><\/div>\n<div align=\"center\"><span style=\"font-family: times new roman, times; font-size: medium;\"> <\/span><\/div>\n<p><span style=\"font-family: times new roman, times; font-size: medium;\">Sehr flexibel Verstellsystem f\u00fcr Montage auf Ihrer Spiegelkappe.<\/span><\/p>\n<ul>\n<li><span style=\"font-family: times new roman, times; font-size: medium;\">\u00c4u\u00dferst kr\u00e4ftige Konstruktion mit 2 Gummib\u00e4nde (39cm).<br \/>\n<\/span><\/li>\n<\/ul>\n<ul>\n<li><span style=\"font-family: times new roman, times; font-size: medium;\">Wegen spezieller Konstruktion ein optimales Blickfeld.<\/span><\/li>\n<\/ul>\n<ul>\n<li><span style=\"font-family: times new roman, times; font-size: medium;\">GROSSBILD Spiegel f\u00fcr optimale Sicht.<\/span><\/li>\n<\/ul>\n<ul>\n<li><span style=\"font-family: times new roman, times; font-size: medium;\">Gute Sicht, nach allen Seiten drehbare Spiegelkappe.<\/span><\/li>\n<\/ul>\n<ul>\n<li><span style=\"font-family: times new roman, times; font-size: medium;\">E-gepr\u00fcft<\/span><\/li>\n<\/ul>\n","protected":false},"excerpt":{"rendered":"<p>Bari (1296) Glas plan Sehr flexibel Verstellsystem f\u00fcr Montage auf Ihrer Spiegelkappe. \u00c4u\u00dferst kr\u00e4ftige Konstruktion mit 2 Gummib\u00e4nde (39cm). Wegen spezieller Konstruktion ein optimales Blickfeld. GROSSBILD Spiegel f\u00fcr optimale Sicht. Gute Sicht, nach allen Seiten drehbare Spiegelkappe. E-gepr\u00fcft<\/p>\n","protected":false},"featured_media":491,"comment_status":"open","ping_status":"closed","template":"","meta":[],"product_brand":[],"product_cat":[63],"product_tag":[],"class_list":{"0":"post-490","1":"product","2":"type-product","3":"status-publish","4":"has-post-thumbnail","6":"product_cat-andere-caravan-spiegel","8":"first","9":"instock","10":"taxable","11":"shipping-taxable","12":"purchasable","13":"product-type-simple"},"_links":{"self":[{"href":"https:\/\/shop.repusel.com\/de\/wp-json\/wp\/v2\/product\/490","targetHints":{"allow":["GET"]}}],"collection":[{"href":"https:\/\/shop.repusel.com\/de\/wp-json\/wp\/v2\/product"}],"about":[{"href":"https:\/\/shop.repusel.com\/de\/wp-json\/wp\/v2\/types\/product"}],"replies":[{"embeddable":true,"href":"https:\/\/shop.repusel.com\/de\/wp-json\/wp\/v2\/comments?post=490"}],"wp:featuredmedia":[{"embeddable":true,"href":"https:\/\/shop.repusel.com\/de\/wp-json\/wp\/v2\/media\/491"}],"wp:attachment":[{"href":"https:\/\/shop.repusel.com\/de\/wp-json\/wp\/v2\/media?parent=490"}],"wp:term":[{"taxonomy":"product_brand","embeddable":true,"href":"https:\/\/shop.repusel.com\/de\/wp-json\/wp\/v2\/product_brand?post=490"},{"taxonomy":"product_cat","embeddable":true,"href":"https:\/\/shop.repusel.com\/de\/wp-json\/wp\/v2\/product_cat?post=490"},{"taxonomy":"product_tag","embeddable":true,"href":"https:\/\/shop.repusel.com\/de\/wp-json\/wp\/v2\/product_tag?post=490"}],"curies":[{"name":"wp","href":"https:\/\/api.w.org\/{rel}","templated":true}]}}