{"id":494,"date":"2026-03-26T11:04:43","date_gmt":"2026-03-26T11:04:43","guid":{"rendered":"https:\/\/shop.repusel.com\/product\/big-frog-glas-plan\/"},"modified":"2026-04-16T14:43:40","modified_gmt":"2026-04-16T14:43:40","slug":"big-frog-glas-plan","status":"publish","type":"product","link":"https:\/\/shop.repusel.com\/de\/produkt\/big-frog-glas-plan\/","title":{"rendered":"1295 Big Frog, Flachglas"},"content":{"rendered":"<div>\n<p align=\"center\"><strong><span style=\"font-size: small;\">Big Frog (1295)<br \/>\n<\/span><\/strong><\/p>\n<\/div>\n<div align=\"center\"><strong><span style=\"font-size: small;\">Glas plan<\/span><\/strong><\/div>\n<div><\/div>\n<div>Sehr flexibel Verstellsystem f\u00fcr Montage auf Ihrer Spiegelkappe.<\/div>\n<div>\n<ul>\n<li>\u00c4u\u00dferst kr\u00e4ftige Konstruktion mit 2 Gummib\u00e4nde.<\/li>\n<\/ul>\n<\/div>\n<div>\n<ul>\n<li>Auch f\u00fcr gro\u00dfe Pkw-spiegel.<\/li>\n<\/ul>\n<ul>\n<li>In der H\u00f6he verstellbare Spiegelkappe.<\/li>\n<\/ul>\n<\/div>\n<div>\n<ul>\n<li>GROSSBILD Spiegel f\u00fcr optimale Sicht.<\/li>\n<\/ul>\n<\/div>\n<div>\n<ul>\n<li>Wegen spezieller Konstruktion ein optimales Blickfeld.<\/li>\n<\/ul>\n<\/div>\n<div>\n<ul>\n<li>Gute Sicht, nach allen Seiten drehbare Spiegelkappe.<\/li>\n<\/ul>\n<ul>\n<li>E-gepr\u00fcft<\/li>\n<\/ul>\n<\/div>\n","protected":false},"excerpt":{"rendered":"<p>Big Frog (1295) Glas plan Sehr flexibel Verstellsystem f\u00fcr Montage auf Ihrer Spiegelkappe. \u00c4u\u00dferst kr\u00e4ftige Konstruktion mit 2 Gummib\u00e4nde. Auch f\u00fcr gro\u00dfe Pkw-spiegel. In der H\u00f6he verstellbare Spiegelkappe. GROSSBILD Spiegel f\u00fcr optimale Sicht. Wegen spezieller Konstruktion ein optimales Blickfeld. Gute Sicht, nach allen Seiten drehbare Spiegelkappe. E-gepr\u00fcft<\/p>\n","protected":false},"featured_media":495,"comment_status":"open","ping_status":"closed","template":"","meta":[],"product_brand":[],"product_cat":[63],"product_tag":[],"class_list":{"0":"post-494","1":"product","2":"type-product","3":"status-publish","4":"has-post-thumbnail","6":"product_cat-andere-caravan-spiegel","8":"first","9":"instock","10":"taxable","11":"shipping-taxable","12":"purchasable","13":"product-type-simple"},"_links":{"self":[{"href":"https:\/\/shop.repusel.com\/de\/wp-json\/wp\/v2\/product\/494","targetHints":{"allow":["GET"]}}],"collection":[{"href":"https:\/\/shop.repusel.com\/de\/wp-json\/wp\/v2\/product"}],"about":[{"href":"https:\/\/shop.repusel.com\/de\/wp-json\/wp\/v2\/types\/product"}],"replies":[{"embeddable":true,"href":"https:\/\/shop.repusel.com\/de\/wp-json\/wp\/v2\/comments?post=494"}],"wp:featuredmedia":[{"embeddable":true,"href":"https:\/\/shop.repusel.com\/de\/wp-json\/wp\/v2\/media\/495"}],"wp:attachment":[{"href":"https:\/\/shop.repusel.com\/de\/wp-json\/wp\/v2\/media?parent=494"}],"wp:term":[{"taxonomy":"product_brand","embeddable":true,"href":"https:\/\/shop.repusel.com\/de\/wp-json\/wp\/v2\/product_brand?post=494"},{"taxonomy":"product_cat","embeddable":true,"href":"https:\/\/shop.repusel.com\/de\/wp-json\/wp\/v2\/product_cat?post=494"},{"taxonomy":"product_tag","embeddable":true,"href":"https:\/\/shop.repusel.com\/de\/wp-json\/wp\/v2\/product_tag?post=494"}],"curies":[{"name":"wp","href":"https:\/\/api.w.org\/{rel}","templated":true}]}}