{"id":497,"date":"2026-03-26T11:03:44","date_gmt":"2026-03-26T11:03:44","guid":{"rendered":"https:\/\/shop.repusel.com\/product\/alaska-glas-plan\/"},"modified":"2026-04-16T14:42:59","modified_gmt":"2026-04-16T14:42:59","slug":"alaska-glas-plan","status":"publish","type":"product","link":"https:\/\/shop.repusel.com\/de\/produkt\/alaska-glas-plan\/","title":{"rendered":"1294 Alaska, Flachglas"},"content":{"rendered":"<p align=\"center\"><strong><span style=\"font-size: small;\">Alaska (1294)<br \/>\n<\/span><\/strong><\/p>\n<div align=\"center\"><strong><span style=\"font-size: small;\">Glas plan<\/span><\/strong><\/div>\n<p>Sehr flexibel Verstellsystem f\u00fcr Montage auf Ihrer Spiegelkappe.<\/p>\n<ul>\n<li>\u00c4u\u00dferst kr\u00e4ftige Konstruktion.<\/li>\n<\/ul>\n<ul>\n<li>GROSSBILD Spiegel f\u00fcr optimale Sicht.<\/li>\n<\/ul>\n<ul>\n<li>In der H\u00f6he verstellbare Spiegelkappe.<\/li>\n<\/ul>\n<ul>\n<li>Gute Sicht, nach allen Seiten drehbare Spiegelkappe.<\/li>\n<\/ul>\n<ul>\n<li>inkl. Sicherheits Gummiband<\/li>\n<\/ul>\n<ul>\n<li>E-gepr\u00fcft<\/li>\n<\/ul>\n","protected":false},"excerpt":{"rendered":"<p>Alaska (1294) Glas plan Sehr flexibel Verstellsystem f\u00fcr Montage auf Ihrer Spiegelkappe. \u00c4u\u00dferst kr\u00e4ftige Konstruktion. GROSSBILD Spiegel f\u00fcr optimale Sicht. In der H\u00f6he verstellbare Spiegelkappe. Gute Sicht, nach allen Seiten drehbare Spiegelkappe. inkl. Sicherheits Gummiband E-gepr\u00fcft<\/p>\n","protected":false},"featured_media":499,"comment_status":"open","ping_status":"closed","template":"","meta":[],"product_brand":[],"product_cat":[63],"product_tag":[],"class_list":{"0":"post-497","1":"product","2":"type-product","3":"status-publish","4":"has-post-thumbnail","6":"product_cat-andere-caravan-spiegel","8":"first","9":"instock","10":"taxable","11":"shipping-taxable","12":"purchasable","13":"product-type-simple"},"_links":{"self":[{"href":"https:\/\/shop.repusel.com\/de\/wp-json\/wp\/v2\/product\/497","targetHints":{"allow":["GET"]}}],"collection":[{"href":"https:\/\/shop.repusel.com\/de\/wp-json\/wp\/v2\/product"}],"about":[{"href":"https:\/\/shop.repusel.com\/de\/wp-json\/wp\/v2\/types\/product"}],"replies":[{"embeddable":true,"href":"https:\/\/shop.repusel.com\/de\/wp-json\/wp\/v2\/comments?post=497"}],"wp:featuredmedia":[{"embeddable":true,"href":"https:\/\/shop.repusel.com\/de\/wp-json\/wp\/v2\/media\/499"}],"wp:attachment":[{"href":"https:\/\/shop.repusel.com\/de\/wp-json\/wp\/v2\/media?parent=497"}],"wp:term":[{"taxonomy":"product_brand","embeddable":true,"href":"https:\/\/shop.repusel.com\/de\/wp-json\/wp\/v2\/product_brand?post=497"},{"taxonomy":"product_cat","embeddable":true,"href":"https:\/\/shop.repusel.com\/de\/wp-json\/wp\/v2\/product_cat?post=497"},{"taxonomy":"product_tag","embeddable":true,"href":"https:\/\/shop.repusel.com\/de\/wp-json\/wp\/v2\/product_tag?post=497"}],"curies":[{"name":"wp","href":"https:\/\/api.w.org\/{rel}","templated":true}]}}