{"id":500,"date":"2026-03-26T11:01:56","date_gmt":"2026-03-26T11:01:56","guid":{"rendered":"https:\/\/shop.repusel.com\/product\/top-mirror-plan-glas\/"},"modified":"2026-04-16T10:33:57","modified_gmt":"2026-04-16T10:33:57","slug":"top-mirror-plan-glas","status":"publish","type":"product","link":"https:\/\/shop.repusel.com\/de\/produkt\/top-mirror-plan-glas\/","title":{"rendered":"1293 Top Mirror, Flach Glas"},"content":{"rendered":"<p align=\"center\"><strong><span style=\"font-size: small;\">Top Mirror (1293)<br \/>\n<\/span><\/strong><\/p>\n<div align=\"center\"><strong><span style=\"font-size: small;\">Glas plan<\/span><\/strong><\/div>\n<p>Sehr flexibel Verstellsystem f\u00fcr Montage auf Ihrer Spiegelkappe.<\/p>\n<ul>\n<li>\u00c4u\u00dferst kr\u00e4ftige Konstruktion.<\/li>\n<\/ul>\n<ul>\n<li>Auszieharm der v\u00f6llig einstellbar ist. Arm einstellbar von Fahrerseite mit nur 1 Zentralschraube.<\/li>\n<\/ul>\n<ul>\n<li>Sehr schnelle und einfache Montage und Demontage.<\/li>\n<\/ul>\n<ul>\n<li>GROSSBILD Spiegel f\u00fcr optimale Sicht.<\/li>\n<\/ul>\n<ul>\n<li>Gute Sicht, nach allen Seiten drehbare Spiegelkappe.<\/li>\n<\/ul>\n<ul>\n<li>inkl. Sicherheits Gummiband<\/li>\n<\/ul>\n<ul>\n<li>E-gepr\u00fcft<\/li>\n<\/ul>\n","protected":false},"excerpt":{"rendered":"<p>Top Mirror (1293) Glas plan Sehr flexibel Verstellsystem f\u00fcr Montage auf Ihrer Spiegelkappe. \u00c4u\u00dferst kr\u00e4ftige Konstruktion. Auszieharm der v\u00f6llig einstellbar ist. Arm einstellbar von Fahrerseite mit nur 1 Zentralschraube. Sehr schnelle und einfache Montage und Demontage. GROSSBILD Spiegel f\u00fcr optimale Sicht. Gute Sicht, nach allen Seiten drehbare Spiegelkappe. inkl. Sicherheits Gummiband E-gepr\u00fcft<\/p>\n","protected":false},"featured_media":501,"comment_status":"open","ping_status":"closed","template":"","meta":[],"product_brand":[],"product_cat":[63],"product_tag":[],"class_list":{"0":"post-500","1":"product","2":"type-product","3":"status-publish","4":"has-post-thumbnail","6":"product_cat-andere-caravan-spiegel","8":"first","9":"instock","10":"taxable","11":"shipping-taxable","12":"purchasable","13":"product-type-simple"},"_links":{"self":[{"href":"https:\/\/shop.repusel.com\/de\/wp-json\/wp\/v2\/product\/500","targetHints":{"allow":["GET"]}}],"collection":[{"href":"https:\/\/shop.repusel.com\/de\/wp-json\/wp\/v2\/product"}],"about":[{"href":"https:\/\/shop.repusel.com\/de\/wp-json\/wp\/v2\/types\/product"}],"replies":[{"embeddable":true,"href":"https:\/\/shop.repusel.com\/de\/wp-json\/wp\/v2\/comments?post=500"}],"wp:featuredmedia":[{"embeddable":true,"href":"https:\/\/shop.repusel.com\/de\/wp-json\/wp\/v2\/media\/501"}],"wp:attachment":[{"href":"https:\/\/shop.repusel.com\/de\/wp-json\/wp\/v2\/media?parent=500"}],"wp:term":[{"taxonomy":"product_brand","embeddable":true,"href":"https:\/\/shop.repusel.com\/de\/wp-json\/wp\/v2\/product_brand?post=500"},{"taxonomy":"product_cat","embeddable":true,"href":"https:\/\/shop.repusel.com\/de\/wp-json\/wp\/v2\/product_cat?post=500"},{"taxonomy":"product_tag","embeddable":true,"href":"https:\/\/shop.repusel.com\/de\/wp-json\/wp\/v2\/product_tag?post=500"}],"curies":[{"name":"wp","href":"https:\/\/api.w.org\/{rel}","templated":true}]}}