{"id":518,"date":"2026-03-23T22:24:37","date_gmt":"2026-03-23T22:24:37","guid":{"rendered":"https:\/\/shop.repusel.com\/product\/3003-alufor-konvex-glas-arm-lang\/"},"modified":"2026-04-21T10:05:32","modified_gmt":"2026-04-21T10:05:32","slug":"3003-alufor-konvex-glas-arm-lang","status":"publish","type":"product","link":"https:\/\/shop.repusel.com\/de\/produkt\/3003-alufor-konvex-glas-arm-lang\/","title":{"rendered":"3003 Alufor, konvex Glas, Arm lang"},"content":{"rendered":"<p style=\"font-weight: 400;\">REPUSEL CARAVANSPIEGEL<\/p>\n<p style=\"font-weight: 400;\">TYPE ALUFOR (3003)<\/p>\n<p style=\"font-weight: 400;\">KONVEX GLAS<\/p>\n<p style=\"font-weight: 400;\">ARM LANG (ALUMINIUM)<\/p>\n<p style=\"font-weight: 400;\">Sehr gut geeignet f\u00fcr Wohnwagen,<br \/>die breiter als 2,30 m sind.<\/p>\n<p style=\"font-weight: 400;\">PATENTIERT &#8211; REG. DESIGN <\/p>\n<p style=\"font-weight: 400;\">Pro Paar<\/p>\n<p style=\"font-weight: 400;\">100% niederl\u00e4ndisch hergestellt<\/p>\n<p style=\"font-weight: 400;\"><strong>E-Zulassung, f\u00fcr die gesamte Europ\u00e4ische Union<\/strong><\/p>\n<p style=\"font-weight: 400;\">Fahren Sie mit Wohnwagen und Anh\u00e4nger?  <\/p>\n<p><br style=\"font-weight: 400;\"><span style=\"font-weight: 400;\">Die Repusel Caravan Spiegel bieten optimalem R\u00fcckblick! Ein oben und unter Montage garantiert die Sicherheit. Ein Caravanspiegel wie es sein sollte! <\/span><\/p>\n<p style=\"font-weight: 400;\">Passt auf 99% aller Autospiegel!<br \/>Extrem gew\u00f6lbte Autospiegel? L\u00e4uft Ihr Autospiegel extrem ab?<br \/>Ein sehr gro\u00dfe Spiegel? Sehr breite Caravan? <\/p>\n<p style=\"font-weight: 400;\">Kein Problem f\u00fcr die Repusel Caravan Spiegel. Das Geheimnis der mauerfesten Befestigung dieses Spiegels ist ein innovatives Befestigungssystem.<\/p>\n<p style=\"font-weight: 400;\">Das neue Produkt bietet:<\/p>\n<p style=\"font-weight: 400;\">* Optimales Blickfeld<\/p>\n<p style=\"font-weight: 400;\">* Ungeahnten Komfort<\/p>\n<p style=\"font-weight: 400;\">* Repusel Qualit\u00e4t mit einer modernen Gestaltung<\/p>\n<p style=\"font-weight: 400;\">* Sehr schnelle Befestigung: in 3 Handgriffen zu montieren<\/p>\n<p style=\"font-weight: 400;\">Bombenfeste Befestigung<\/p>\n<p>Die Repusel Caravan Spiegel sind v\u00f6llig angepasst f\u00fcr die neuen Autospiegel und l\u00e4ssen sich problemlos auf dem Originalspiegel befestigen.  <\/p>\n<p>Eine \u2018Anti-Schiebe H\u00fclle\u2019 und \u2018Multi-Schieber\u2019 Saugn\u00e4pfen garantieren guten Halt auf den schwierigsten Oberfl\u00e4chen. Ein kr\u00e4ftiger schiebbarer Saugnapf, der daf\u00fcr sorgt, dass der Streifen bombenfest befestigt ist.<\/p>\n<p>Die Multi-Schieber k\u00f6nnen optimal positioniert werden. Mehrere Multi-Schieber sind m\u00f6glich. Das Montagesystem sitzt sturmfest montiert. <\/p>\n<p>Kleine oder gro\u00dfe Aussenspiegel<\/p>\n<p><strong>Streifen von 36 cm mit kr\u00e4ftigem Haken sorgen sogar auf sehr gro\u00dfen Fahrzeugspiegel f\u00fcr optimalen Halt. F\u00fcr Nutzfahrzeuge und LKW sind Verl\u00e4ngerungsstreifen verf\u00fcgbar.<\/strong><\/p>\n<p>Ohne Lackbesch\u00e4digungen<\/p>\n<p><strong>Multi-Schieber und Anti-Schiebe H\u00fclle sch\u00fctzen Ihre Lackierung. Klappen Ihre Autospiegel automatisch zur\u00fcck wenn Sie auf den Parkplatz stehen?<\/strong><\/p>\n<p>Kein Problem f\u00fcr den REPUSEL Spiegel.<br \/>In den Spiegelr\u00e4ndern befinden sich Sto\u00dfkissen.<\/p>\n<p><strong>Dauerhaft<\/strong><\/p>\n<ol>\n<li>Die Spiegel sind von h\u00f6her Kwalit\u00e4t und alle Zubeh\u00f6r ist lose erh\u00e4ltlich. Mit auswechselbare Spiegelgl\u00e4ser. Alle Ersatzteile sind separat zu bestellen!!! <\/li>\n<li>Sehr schnelle Befestigung<\/li>\n<li>Das System ist in nur 3 Handgriffen zu montieren!<\/li>\n<\/ol>\n<p style=\"font-weight: 400;\"><strong>Fahrzeugliste<\/strong><\/p>\n<p style=\"font-weight: 400;\">Bei korrekter Montage kann das System an nahezu jeden Au\u00dfenspiegel montiert werden. F\u00fcr sogenannte randlose Au\u00dfenspiegel und Autos mit Kameras anstelle von Au\u00dfenspiegeln ist das System jedoch nicht geeignet. <\/p>\n<h3>Technische Daten:<\/h3>\n<table width=\"370\">\n<tbody>\n<tr>\n<td>Spiegel:<\/td>\n<td>Konvex Glas<\/td>\n<\/tr>\n<tr>\n<td><\/td>\n<td>Anti-Blendung:<br \/>Nein<\/td>\n<\/tr>\n<tr>\n<td>Arml\u00e4nge:<\/td>\n<td>44cm.<\/td>\n<\/tr>\n<tr>\n<td><\/td>\n<td>Material:<br \/>\nKunststoff-Spannb\u00e4nder und Aluminiumarm<\/td>\n<\/tr>\n<tr>\nInhalt:<\/p>\n<td><\/td>\n<td>2 Spiegel<\/td>\n<\/tr>\n<\/tbody>\n<\/table>\n","protected":false},"excerpt":{"rendered":"<p>Die neue Generation Wohnwagenspiegel mit Aluminium Armen.<\/p>\n","protected":false},"featured_media":504,"comment_status":"open","ping_status":"closed","template":"","meta":[],"product_brand":[],"product_cat":[60],"product_tag":[],"class_list":{"0":"post-518","1":"product","2":"type-product","3":"status-publish","4":"has-post-thumbnail","6":"product_cat-alufor","8":"first","9":"instock","10":"featured","11":"taxable","12":"shipping-taxable","13":"purchasable","14":"product-type-simple"},"_links":{"self":[{"href":"https:\/\/shop.repusel.com\/de\/wp-json\/wp\/v2\/product\/518","targetHints":{"allow":["GET"]}}],"collection":[{"href":"https:\/\/shop.repusel.com\/de\/wp-json\/wp\/v2\/product"}],"about":[{"href":"https:\/\/shop.repusel.com\/de\/wp-json\/wp\/v2\/types\/product"}],"replies":[{"embeddable":true,"href":"https:\/\/shop.repusel.com\/de\/wp-json\/wp\/v2\/comments?post=518"}],"wp:featuredmedia":[{"embeddable":true,"href":"https:\/\/shop.repusel.com\/de\/wp-json\/wp\/v2\/media\/504"}],"wp:attachment":[{"href":"https:\/\/shop.repusel.com\/de\/wp-json\/wp\/v2\/media?parent=518"}],"wp:term":[{"taxonomy":"product_brand","embeddable":true,"href":"https:\/\/shop.repusel.com\/de\/wp-json\/wp\/v2\/product_brand?post=518"},{"taxonomy":"product_cat","embeddable":true,"href":"https:\/\/shop.repusel.com\/de\/wp-json\/wp\/v2\/product_cat?post=518"},{"taxonomy":"product_tag","embeddable":true,"href":"https:\/\/shop.repusel.com\/de\/wp-json\/wp\/v2\/product_tag?post=518"}],"curies":[{"name":"wp","href":"https:\/\/api.w.org\/{rel}","templated":true}]}}