{"id":837,"date":"2026-04-22T11:52:02","date_gmt":"2026-04-22T11:52:02","guid":{"rendered":"https:\/\/shop.repusel.com\/product\/1298-gummiband\/"},"modified":"2026-04-22T11:52:02","modified_gmt":"2026-04-22T11:52:02","slug":"1298-gummiband","status":"publish","type":"product","link":"https:\/\/shop.repusel.com\/de\/produkt\/1298-gummiband\/","title":{"rendered":"1298 Gummiband"},"content":{"rendered":"<p>Universal Gummiband f\u00fcr Aufsatzspiegel.<\/p>\n<p>Geignet f\u00fcr Repusel Bari, Big Frog, Top Mirror, Krok One Plus und Alaska und andere Spiegel mit Gummib\u00e4nder.<\/p>\n<p>Ma\u00dfe: 39 x 2,1 cm.<\/p>\n","protected":false},"excerpt":{"rendered":"<p>Universal Gummiband f\u00fcr Aufsatzspiegel. Geignet f\u00fcr Repusel Bari, Big Frog, Top Mirror, Krok One Plus und Alaska und andere Spiegel mit Gummib\u00e4nder. Ma\u00dfe: 39 x 2,1 cm.<\/p>\n","protected":false},"featured_media":832,"comment_status":"open","ping_status":"closed","template":"","meta":[],"product_brand":[],"product_cat":[58],"product_tag":[],"class_list":{"0":"post-837","1":"product","2":"type-product","3":"status-publish","4":"has-post-thumbnail","6":"product_cat-ersatzteile-andere-spiegel","8":"first","9":"instock","10":"taxable","11":"shipping-taxable","12":"purchasable","13":"product-type-simple"},"_links":{"self":[{"href":"https:\/\/shop.repusel.com\/de\/wp-json\/wp\/v2\/product\/837","targetHints":{"allow":["GET"]}}],"collection":[{"href":"https:\/\/shop.repusel.com\/de\/wp-json\/wp\/v2\/product"}],"about":[{"href":"https:\/\/shop.repusel.com\/de\/wp-json\/wp\/v2\/types\/product"}],"replies":[{"embeddable":true,"href":"https:\/\/shop.repusel.com\/de\/wp-json\/wp\/v2\/comments?post=837"}],"wp:featuredmedia":[{"embeddable":true,"href":"https:\/\/shop.repusel.com\/de\/wp-json\/wp\/v2\/media\/832"}],"wp:attachment":[{"href":"https:\/\/shop.repusel.com\/de\/wp-json\/wp\/v2\/media?parent=837"}],"wp:term":[{"taxonomy":"product_brand","embeddable":true,"href":"https:\/\/shop.repusel.com\/de\/wp-json\/wp\/v2\/product_brand?post=837"},{"taxonomy":"product_cat","embeddable":true,"href":"https:\/\/shop.repusel.com\/de\/wp-json\/wp\/v2\/product_cat?post=837"},{"taxonomy":"product_tag","embeddable":true,"href":"https:\/\/shop.repusel.com\/de\/wp-json\/wp\/v2\/product_tag?post=837"}],"curies":[{"name":"wp","href":"https:\/\/api.w.org\/{rel}","templated":true}]}}