{"id":841,"date":"2026-04-22T11:47:23","date_gmt":"2026-04-22T11:47:23","guid":{"rendered":"https:\/\/shop.repusel.com\/product\/1297-klemm-griff-fuss-prostueck\/"},"modified":"2026-04-22T11:47:23","modified_gmt":"2026-04-22T11:47:23","slug":"1297-klemm-griff-fuss-prostueck","status":"publish","type":"product","link":"https:\/\/shop.repusel.com\/de\/produkt\/1297-klemm-griff-fuss-prostueck\/","title":{"rendered":"1297 Klemm griff Fu\u00df (proSt\u00fcck)"},"content":{"rendered":"<p>Klemm griff Fu\u00df<br \/>\nF\u00fcr Krok One Plus, Alaska &amp; Top Millennium<\/p>\n<p>2.95 pro St\u00fcck<\/p>\n","protected":false},"excerpt":{"rendered":"<p>Klemm griff Fu\u00df F\u00fcr Krok One Plus, Alaska &amp; Top Millennium 2.95 pro St\u00fcck<\/p>\n","protected":false},"featured_media":830,"comment_status":"open","ping_status":"closed","template":"","meta":[],"product_brand":[],"product_cat":[58],"product_tag":[],"class_list":{"0":"post-841","1":"product","2":"type-product","3":"status-publish","4":"has-post-thumbnail","6":"product_cat-ersatzteile-andere-spiegel","8":"first","9":"instock","10":"taxable","11":"shipping-taxable","12":"purchasable","13":"product-type-simple"},"_links":{"self":[{"href":"https:\/\/shop.repusel.com\/de\/wp-json\/wp\/v2\/product\/841","targetHints":{"allow":["GET"]}}],"collection":[{"href":"https:\/\/shop.repusel.com\/de\/wp-json\/wp\/v2\/product"}],"about":[{"href":"https:\/\/shop.repusel.com\/de\/wp-json\/wp\/v2\/types\/product"}],"replies":[{"embeddable":true,"href":"https:\/\/shop.repusel.com\/de\/wp-json\/wp\/v2\/comments?post=841"}],"wp:featuredmedia":[{"embeddable":true,"href":"https:\/\/shop.repusel.com\/de\/wp-json\/wp\/v2\/media\/830"}],"wp:attachment":[{"href":"https:\/\/shop.repusel.com\/de\/wp-json\/wp\/v2\/media?parent=841"}],"wp:term":[{"taxonomy":"product_brand","embeddable":true,"href":"https:\/\/shop.repusel.com\/de\/wp-json\/wp\/v2\/product_brand?post=841"},{"taxonomy":"product_cat","embeddable":true,"href":"https:\/\/shop.repusel.com\/de\/wp-json\/wp\/v2\/product_cat?post=841"},{"taxonomy":"product_tag","embeddable":true,"href":"https:\/\/shop.repusel.com\/de\/wp-json\/wp\/v2\/product_tag?post=841"}],"curies":[{"name":"wp","href":"https:\/\/api.w.org\/{rel}","templated":true}]}}