{"id":876,"date":"2026-04-29T12:43:06","date_gmt":"2026-04-29T12:43:06","guid":{"rendered":"https:\/\/shop.repusel.com\/product\/2481-einzel-glas-fuer-special-mirror-deluxe-plan-glasblau-getoent\/"},"modified":"2026-04-29T12:43:06","modified_gmt":"2026-04-29T12:43:06","slug":"2481-einzel-glas-fuer-special-mirror-deluxe-plan-glasblau-getoent","status":"publish","type":"product","link":"https:\/\/shop.repusel.com\/de\/produkt\/2481-einzel-glas-fuer-special-mirror-deluxe-plan-glasblau-getoent\/","title":{"rendered":"2481 Einzel Glas f\u00fcr Special Mirror Deluxe, Plan Glas,blau get\u00f6nt."},"content":{"rendered":"<p>Einzel Glas f\u00fcr Special Mirror Deluxe<\/p>\n<p>Plan Glas,blau get\u00f6nt.<\/p>\n<p>Gr\u00f6\u00dfe: 18 x 12,9 cm.<\/p>\n","protected":false},"excerpt":{"rendered":"<p>Einzel Glas f\u00fcr Special Mirror Deluxe Plan Glas,blau get\u00f6nt. Gr\u00f6\u00dfe: 18 x 12,9 cm.<\/p>\n","protected":false},"featured_media":871,"comment_status":"open","ping_status":"closed","template":"","meta":[],"product_brand":[],"product_cat":[94],"product_tag":[],"class_list":{"0":"post-876","1":"product","2":"type-product","3":"status-publish","4":"has-post-thumbnail","6":"product_cat-zubehor-altes-model","8":"first","9":"instock","10":"taxable","11":"shipping-taxable","12":"purchasable","13":"product-type-simple"},"_links":{"self":[{"href":"https:\/\/shop.repusel.com\/de\/wp-json\/wp\/v2\/product\/876","targetHints":{"allow":["GET"]}}],"collection":[{"href":"https:\/\/shop.repusel.com\/de\/wp-json\/wp\/v2\/product"}],"about":[{"href":"https:\/\/shop.repusel.com\/de\/wp-json\/wp\/v2\/types\/product"}],"replies":[{"embeddable":true,"href":"https:\/\/shop.repusel.com\/de\/wp-json\/wp\/v2\/comments?post=876"}],"wp:featuredmedia":[{"embeddable":true,"href":"https:\/\/shop.repusel.com\/de\/wp-json\/wp\/v2\/media\/871"}],"wp:attachment":[{"href":"https:\/\/shop.repusel.com\/de\/wp-json\/wp\/v2\/media?parent=876"}],"wp:term":[{"taxonomy":"product_brand","embeddable":true,"href":"https:\/\/shop.repusel.com\/de\/wp-json\/wp\/v2\/product_brand?post=876"},{"taxonomy":"product_cat","embeddable":true,"href":"https:\/\/shop.repusel.com\/de\/wp-json\/wp\/v2\/product_cat?post=876"},{"taxonomy":"product_tag","embeddable":true,"href":"https:\/\/shop.repusel.com\/de\/wp-json\/wp\/v2\/product_tag?post=876"}],"curies":[{"name":"wp","href":"https:\/\/api.w.org\/{rel}","templated":true}]}}