{"id":902,"date":"2026-04-30T09:53:08","date_gmt":"2026-04-30T09:53:08","guid":{"rendered":"https:\/\/shop.repusel.com\/product\/2476-spiegelkappe-fuer-special-mirror-deluxe-glas-konvex-blau-getoent\/"},"modified":"2026-04-30T09:53:08","modified_gmt":"2026-04-30T09:53:08","slug":"2476-spiegelkappe-fuer-special-mirror-deluxe-glas-konvex-blau-getoent","status":"publish","type":"product","link":"https:\/\/shop.repusel.com\/de\/produkt\/2476-spiegelkappe-fuer-special-mirror-deluxe-glas-konvex-blau-getoent\/","title":{"rendered":"2476 Spiegelkappe f\u00fcr Special Mirror Deluxe, Glas konvex, blau get\u00f6nt"},"content":{"rendered":"<p>Spiegelkappe f\u00fcr Special Mirror Deluxe<\/p>\n<p>inklusiv konvex, blau get\u00f6ntes Glas.<\/p>\n<p>Diameter: 16 mm <\/p>\n","protected":false},"excerpt":{"rendered":"<p>Spiegelkappe f\u00fcr Special Mirror Deluxe inklusiv konvex, blau get\u00f6ntes Glas. Diameter: 16 mm<\/p>\n","protected":false},"featured_media":885,"comment_status":"open","ping_status":"closed","template":"","meta":[],"product_brand":[],"product_cat":[94],"product_tag":[],"class_list":{"0":"post-902","1":"product","2":"type-product","3":"status-publish","4":"has-post-thumbnail","6":"product_cat-zubehor-altes-model","8":"first","9":"instock","10":"taxable","11":"shipping-taxable","12":"purchasable","13":"product-type-simple"},"_links":{"self":[{"href":"https:\/\/shop.repusel.com\/de\/wp-json\/wp\/v2\/product\/902","targetHints":{"allow":["GET"]}}],"collection":[{"href":"https:\/\/shop.repusel.com\/de\/wp-json\/wp\/v2\/product"}],"about":[{"href":"https:\/\/shop.repusel.com\/de\/wp-json\/wp\/v2\/types\/product"}],"replies":[{"embeddable":true,"href":"https:\/\/shop.repusel.com\/de\/wp-json\/wp\/v2\/comments?post=902"}],"wp:featuredmedia":[{"embeddable":true,"href":"https:\/\/shop.repusel.com\/de\/wp-json\/wp\/v2\/media\/885"}],"wp:attachment":[{"href":"https:\/\/shop.repusel.com\/de\/wp-json\/wp\/v2\/media?parent=902"}],"wp:term":[{"taxonomy":"product_brand","embeddable":true,"href":"https:\/\/shop.repusel.com\/de\/wp-json\/wp\/v2\/product_brand?post=902"},{"taxonomy":"product_cat","embeddable":true,"href":"https:\/\/shop.repusel.com\/de\/wp-json\/wp\/v2\/product_cat?post=902"},{"taxonomy":"product_tag","embeddable":true,"href":"https:\/\/shop.repusel.com\/de\/wp-json\/wp\/v2\/product_tag?post=902"}],"curies":[{"name":"wp","href":"https:\/\/api.w.org\/{rel}","templated":true}]}}