{"id":910,"date":"2026-04-16T13:02:49","date_gmt":"2026-04-16T13:02:49","guid":{"rendered":"https:\/\/shop.repusel.com\/product\/2452-einzel-glas-fuer-special-mirror-und-manomak-standard-ungetoentes-plan-glas\/"},"modified":"2026-04-16T13:02:49","modified_gmt":"2026-04-16T13:02:49","slug":"2452-einzel-glas-fuer-special-mirror-und-manomak-standard-ungetoentes-plan-glas","status":"publish","type":"product","link":"https:\/\/shop.repusel.com\/de\/produkt\/2452-einzel-glas-fuer-special-mirror-und-manomak-standard-ungetoentes-plan-glas\/","title":{"rendered":"2452 Einzel Glas f\u00fcr Special Mirror und Manomak, Standard, Unget\u00f6ntes Plan Glas"},"content":{"rendered":"<p>Plan Glas (unget\u00f6nt)<br \/>\nGr\u00f6\u00dfe: 18,6 x 12,5 cm.<\/p>\n<p>Nicht geeignet f\u00fcr Special Mirror Deluxe (andere Form und Format)<\/p>\n","protected":false},"excerpt":{"rendered":"<p>Plan Glas (unget\u00f6nt) Gr\u00f6\u00dfe: 18,6 x 12,5 cm. Nicht geeignet f\u00fcr Special Mirror Deluxe (andere Form und Format)<\/p>\n","protected":false},"featured_media":744,"comment_status":"open","ping_status":"closed","template":"","meta":[],"product_brand":[],"product_cat":[94],"product_tag":[],"class_list":{"0":"post-910","1":"product","2":"type-product","3":"status-publish","4":"has-post-thumbnail","6":"product_cat-zubehor-altes-model","8":"first","9":"instock","10":"taxable","11":"shipping-taxable","12":"purchasable","13":"product-type-simple"},"_links":{"self":[{"href":"https:\/\/shop.repusel.com\/de\/wp-json\/wp\/v2\/product\/910","targetHints":{"allow":["GET"]}}],"collection":[{"href":"https:\/\/shop.repusel.com\/de\/wp-json\/wp\/v2\/product"}],"about":[{"href":"https:\/\/shop.repusel.com\/de\/wp-json\/wp\/v2\/types\/product"}],"replies":[{"embeddable":true,"href":"https:\/\/shop.repusel.com\/de\/wp-json\/wp\/v2\/comments?post=910"}],"wp:featuredmedia":[{"embeddable":true,"href":"https:\/\/shop.repusel.com\/de\/wp-json\/wp\/v2\/media\/744"}],"wp:attachment":[{"href":"https:\/\/shop.repusel.com\/de\/wp-json\/wp\/v2\/media?parent=910"}],"wp:term":[{"taxonomy":"product_brand","embeddable":true,"href":"https:\/\/shop.repusel.com\/de\/wp-json\/wp\/v2\/product_brand?post=910"},{"taxonomy":"product_cat","embeddable":true,"href":"https:\/\/shop.repusel.com\/de\/wp-json\/wp\/v2\/product_cat?post=910"},{"taxonomy":"product_tag","embeddable":true,"href":"https:\/\/shop.repusel.com\/de\/wp-json\/wp\/v2\/product_tag?post=910"}],"curies":[{"name":"wp","href":"https:\/\/api.w.org\/{rel}","templated":true}]}}