{"id":912,"date":"2026-04-16T13:40:23","date_gmt":"2026-04-16T13:40:23","guid":{"rendered":"https:\/\/shop.repusel.com\/product\/2463-einzel-glas-fuer-special-mirror-und-manomak-standard-konvex\/"},"modified":"2026-04-16T13:40:23","modified_gmt":"2026-04-16T13:40:23","slug":"2463-einzel-glas-fuer-special-mirror-und-manomak-standard-konvex","status":"publish","type":"product","link":"https:\/\/shop.repusel.com\/de\/produkt\/2463-einzel-glas-fuer-special-mirror-und-manomak-standard-konvex\/","title":{"rendered":"2463 Einzel Glas f\u00fcr Special Mirror und Manomak, Standard, Konvex"},"content":{"rendered":"<p>Unget\u00f6ntes, konvex Glas<\/p>\n<p>Gr\u00f6\u00dfe: 18,6 x 12,5 cm.<\/p>\n<p>Nicht geeignet f\u00fcr Special Mirror Deluxe (andere Form und Format)<\/p>\n","protected":false},"excerpt":{"rendered":"<p>Unget\u00f6ntes, konvex Glas Gr\u00f6\u00dfe: 18,6 x 12,5 cm. Nicht geeignet f\u00fcr Special Mirror Deluxe (andere Form und Format)<\/p>\n","protected":false},"featured_media":771,"comment_status":"open","ping_status":"closed","template":"","meta":[],"product_brand":[],"product_cat":[94],"product_tag":[],"class_list":{"0":"post-912","1":"product","2":"type-product","3":"status-publish","4":"has-post-thumbnail","6":"product_cat-zubehor-altes-model","8":"first","9":"instock","10":"taxable","11":"shipping-taxable","12":"purchasable","13":"product-type-simple"},"_links":{"self":[{"href":"https:\/\/shop.repusel.com\/de\/wp-json\/wp\/v2\/product\/912","targetHints":{"allow":["GET"]}}],"collection":[{"href":"https:\/\/shop.repusel.com\/de\/wp-json\/wp\/v2\/product"}],"about":[{"href":"https:\/\/shop.repusel.com\/de\/wp-json\/wp\/v2\/types\/product"}],"replies":[{"embeddable":true,"href":"https:\/\/shop.repusel.com\/de\/wp-json\/wp\/v2\/comments?post=912"}],"wp:featuredmedia":[{"embeddable":true,"href":"https:\/\/shop.repusel.com\/de\/wp-json\/wp\/v2\/media\/771"}],"wp:attachment":[{"href":"https:\/\/shop.repusel.com\/de\/wp-json\/wp\/v2\/media?parent=912"}],"wp:term":[{"taxonomy":"product_brand","embeddable":true,"href":"https:\/\/shop.repusel.com\/de\/wp-json\/wp\/v2\/product_brand?post=912"},{"taxonomy":"product_cat","embeddable":true,"href":"https:\/\/shop.repusel.com\/de\/wp-json\/wp\/v2\/product_cat?post=912"},{"taxonomy":"product_tag","embeddable":true,"href":"https:\/\/shop.repusel.com\/de\/wp-json\/wp\/v2\/product_tag?post=912"}],"curies":[{"name":"wp","href":"https:\/\/api.w.org\/{rel}","templated":true}]}}