{"id":957,"date":"2026-04-30T12:21:37","date_gmt":"2026-04-30T12:21:37","guid":{"rendered":"https:\/\/shop.repusel.com\/product\/3002v-repusel-aufsatzspiegel-lkw-plan-glas\/"},"modified":"2026-05-05T13:24:29","modified_gmt":"2026-05-05T13:24:29","slug":"3002v-repusel-aufsatzspiegel-lkw-plan-glas","status":"publish","type":"product","link":"https:\/\/shop.repusel.com\/de\/produkt\/3002v-repusel-aufsatzspiegel-lkw-plan-glas\/","title":{"rendered":"3002V REPUSEL Aufsatzspiegel LKW, plan Glas"},"content":{"rendered":"<p style=\"font-weight: 400;\">Haben Sie die Nase voll von Bu\u00dfgeldern?<\/p>\n<p style=\"font-weight: 400;\">Beseitigen Sie den toten Winkel bei Schwertransportern<\/p>\n<p style=\"font-weight: 400;\">Wird die Sicht durch eine zu breite Last behindert?<\/p>\n<p style=\"font-weight: 400;\">REPUSEL erf\u00fcllt das Bed\u00fcrfnis von Fahrern, die Sicht nach hinten w\u00e4hrend der Fahrt und beim Rangieren zu verbessern. Sicherheit geht vor! <\/p>\n<p style=\"font-weight: 400;\">Und ein Bu\u00dfgeld wird gespart&#8230;<\/p>\n<p style=\"font-weight: 400;\">Das flexible REPUSEL Alufor Spiegelsystem kann tempor\u00e4r an einem gro\u00dfen LKW-Spiegel (SCANIA, DAF, VOLVO, MAN, etc.) montiert werden und erm\u00f6glicht dass die spiegel weiter nach aussen gehen.<\/p>\n<p style=\"font-weight: 400;\">Das Spiegelsystem ist f\u00fcr fast alle Lkw\u2019s mit Au\u00dfenspiegeln geeignet.<\/p>\n<ul>\n<li>Mit 44 cm lange Arme f\u00fcr optimale Sicht bei Spezialtransporten.<\/li>\n<li>Hervorragende Sicht durch voll verstellbare Spiegel und ausziehbaren Arm.<\/li>\n<li>Das Spiegelsystem ist f\u00fcr fast alle Lkw\u2019s mit Au\u00dfenspiegeln geeignet.<\/li>\n<li>Einmalige Anpassung, einschlie\u00dflich verl\u00e4ngerter Streifen.<\/li>\n<li>Schnelle Montage in 3 Schritten.<\/li>\n<\/ul>\n<p>Bitte beachten Sie! Dieses System ist nur f\u00fcr den Einsatz an Spiegelkappen geeignet, bei denen das Glas verstellbar ist. <\/p>\n<p><strong>Optimale Sicht<\/strong><\/p>\n<p>Die modernen Repusel Spiegel sind vollst\u00e4ndig an die heutigen Aussenspiegel-Oberfl\u00e4chen angepasst.<\/p>\n<p>Ein Anti-Schiebeh\u00fclle sorgt daf\u00fcr, dass das Spiegelsystem in Kombination mit dem Multischieber auch bei schr\u00e4ger Au\u00dfenklemme auf schwierigsten Oberfl\u00e4chen an Ort und Stelle bleibt.<\/p>\n<p>Sind Ihre Spiegel elektrisch verstellbar?<\/p>\n<p>Kein Problem, denn mit den Repusel Spiegeln lassen sich Ihre Au\u00dfenspiegel trotzdem einfach verstellen.<\/p>\n<p><strong>Optimale Sicht<\/strong><\/p>\n<p>Un\u00fcbertroffener Fahrkomfort: Eine in alle Richtungen verstellbare Spiegelkappe mit konvexem Glas sorgt f\u00fcr optimale Sicht und einen minimalen toten Winkel.<\/p>\n<p><strong>Mit Lackschutz<\/strong><\/p>\n<p>Sowohl der Multischieber als auch die Anti-Schiebeh\u00fclle sorgen daf\u00fcr, dass der Lack nicht besch\u00e4digt wird.<\/p>\n<p><strong>REPUSEL Qualit\u00e4t<\/strong><\/p>\n<p>Hochwertige langlebige Kunststoffstreifen und beste Materialien garantieren eine lange Lebensdauer.<\/p>\n<p>Alle Teile sind separat erh\u00e4ltlich.<\/p>\n<p>&nbsp;<\/p>\n<p style=\"font-weight: 400;\">Machen Sie einen Test und sehen Sie, ob dies Ihrer LKW-Flotte hilft.<\/p>\n","protected":false},"excerpt":{"rendered":"<p>Haben Sie die Nase voll von Bu\u00dfgeldern? Beseitigen Sie den toten Winkel bei Schwertransportern Wird die Sicht durch eine zu breite Last behindert? REPUSEL erf\u00fcllt das Bed\u00fcrfnis von Fahrern, die Sicht nach hinten w\u00e4hrend der Fahrt und beim Rangieren zu verbessern. Sicherheit geht vor! Und ein Bu\u00dfgeld wird gespart&#8230; Das flexible REPUSEL Alufor Spiegelsystem kann [&hellip;]<\/p>\n","protected":false},"featured_media":924,"comment_status":"open","ping_status":"closed","template":"","meta":[],"product_brand":[],"product_cat":[65],"product_tag":[],"class_list":{"0":"post-957","1":"product","2":"type-product","3":"status-publish","4":"has-post-thumbnail","6":"product_cat-aufsatzspiegel-fuer-lkw-sondertransporte","8":"first","9":"instock","10":"taxable","11":"shipping-taxable","12":"purchasable","13":"product-type-simple"},"_links":{"self":[{"href":"https:\/\/shop.repusel.com\/de\/wp-json\/wp\/v2\/product\/957","targetHints":{"allow":["GET"]}}],"collection":[{"href":"https:\/\/shop.repusel.com\/de\/wp-json\/wp\/v2\/product"}],"about":[{"href":"https:\/\/shop.repusel.com\/de\/wp-json\/wp\/v2\/types\/product"}],"replies":[{"embeddable":true,"href":"https:\/\/shop.repusel.com\/de\/wp-json\/wp\/v2\/comments?post=957"}],"wp:featuredmedia":[{"embeddable":true,"href":"https:\/\/shop.repusel.com\/de\/wp-json\/wp\/v2\/media\/924"}],"wp:attachment":[{"href":"https:\/\/shop.repusel.com\/de\/wp-json\/wp\/v2\/media?parent=957"}],"wp:term":[{"taxonomy":"product_brand","embeddable":true,"href":"https:\/\/shop.repusel.com\/de\/wp-json\/wp\/v2\/product_brand?post=957"},{"taxonomy":"product_cat","embeddable":true,"href":"https:\/\/shop.repusel.com\/de\/wp-json\/wp\/v2\/product_cat?post=957"},{"taxonomy":"product_tag","embeddable":true,"href":"https:\/\/shop.repusel.com\/de\/wp-json\/wp\/v2\/product_tag?post=957"}],"curies":[{"name":"wp","href":"https:\/\/api.w.org\/{rel}","templated":true}]}}