{"id":666,"date":"2026-03-23T22:24:36","date_gmt":"2026-03-23T22:24:36","guid":{"rendered":"https:\/\/shop.repusel.com\/laccueil\/"},"modified":"2026-04-14T10:10:18","modified_gmt":"2026-04-14T10:10:18","slug":"laccueil","status":"publish","type":"page","link":"https:\/\/shop.repusel.com\/fr\/","title":{"rendered":"L\u2019accueil"},"content":{"rendered":"\n<div class=\"wp-block-cover alignfull is-light wp-duotone-unset-1\"><img loading=\"lazy\" decoding=\"async\" width=\"1024\" height=\"576\" class=\"wp-block-cover__image-background wp-image-103 size-large\" alt=\"\" src=\"https:\/\/shop.repusel.com\/wp-content\/uploads\/2026\/03\/DSC06079-1024x576.jpg\" data-object-fit=\"cover\" srcset=\"https:\/\/shop.repusel.com\/wp-content\/uploads\/2026\/03\/DSC06079-1024x576.jpg 1024w, https:\/\/shop.repusel.com\/wp-content\/uploads\/2026\/03\/DSC06079-416x234.jpg 416w, https:\/\/shop.repusel.com\/wp-content\/uploads\/2026\/03\/DSC06079-300x169.jpg 300w, https:\/\/shop.repusel.com\/wp-content\/uploads\/2026\/03\/DSC06079-768x432.jpg 768w, https:\/\/shop.repusel.com\/wp-content\/uploads\/2026\/03\/DSC06079-1536x864.jpg 1536w, https:\/\/shop.repusel.com\/wp-content\/uploads\/2026\/03\/DSC06079.jpg 1920w\" sizes=\"auto, (max-width: 1024px) 100vw, 1024px\" \/><span aria-hidden=\"true\" class=\"wp-block-cover__background has-white-background-color has-background-dim-70 has-background-dim\"><\/span><div class=\"wp-block-cover__inner-container is-layout-flow wp-block-cover-is-layout-flow\">\n<h1 class=\"wp-block-heading has-text-align-center\">shop.repusel<\/h1>\n\n\n\n<p class=\"has-text-align-center has-text-color\" style=\"color:#000000\">Bienvenue dans la boutique en ligne officielle de REPUSEL<\/p>\n\n\n\n<p class=\"has-text-align-center has-text-color\" style=\"color:#000000\">Commandez votre accessoires de caravane en camping enligne!<\/p>\n<\/div><\/div>\n\n<h2 class=\"wp-block-heading has-text-align-center\">Faites vos achats par cat\u00e9gorie<\/h2>\n<div class=\"woocommerce columns-4\"><ul class=\"products columns-4\">\n<li class=\"product-category product first\">\n\t<a aria-label=\"Acc\u00e9der \u00e0 la cat\u00e9gorie de produits Pi\u00e8ces d\u00e9tach\u00e9es r\u00e9troviseurs\" href=\"https:\/\/shop.repusel.com\/fr\/categorie-produit\/pieces-detachees-retroviseurs\/\"><img loading=\"lazy\" decoding=\"async\" src=\"https:\/\/shop.repusel.com\/wp-content\/uploads\/2026\/03\/3012_1-324x243.jpg\" alt=\"Pi\u00e8ces d\u00e9tach\u00e9es r\u00e9troviseurs\" width=\"324\" height=\"243\" srcset=\"https:\/\/shop.repusel.com\/wp-content\/uploads\/2026\/03\/3012_1-324x243.jpg 324w, https:\/\/shop.repusel.com\/wp-content\/uploads\/2026\/03\/3012_1-300x225.jpg 300w, https:\/\/shop.repusel.com\/wp-content\/uploads\/2026\/03\/3012_1.jpg 400w\" sizes=\"auto, (max-width: 324px) 100vw, 324px\" \/>\t\t<h2 class=\"woocommerce-loop-category__title\">\n\t\t\tPi\u00e8ces d\u00e9tach\u00e9es r\u00e9troviseurs <mark class=\"count\">(34)<\/mark>\t\t<\/h2>\n\t\t<\/a><\/li>\n<li class=\"product-category product\">\n\t<a aria-label=\"Acc\u00e9der \u00e0 la cat\u00e9gorie de produits R\u00e9troviseur int\u00e9rieur\" href=\"https:\/\/shop.repusel.com\/fr\/categorie-produit\/retroviseur-interieur\/\"><img loading=\"lazy\" decoding=\"async\" src=\"https:\/\/shop.repusel.com\/wp-content\/uploads\/2026\/03\/Art.-1348-Companion-oogcontact-spiegel-2-324x243.jpg\" alt=\"R\u00e9troviseur int\u00e9rieur\" width=\"324\" height=\"243\" \/>\t\t<h2 class=\"woocommerce-loop-category__title\">\n\t\t\tR\u00e9troviseur int\u00e9rieur <mark class=\"count\">(2)<\/mark>\t\t<\/h2>\n\t\t<\/a><\/li>\n<li class=\"product-category product\">\n\t<a aria-label=\"Acc\u00e9der \u00e0 la cat\u00e9gorie de produits R\u00e9troviseurs anti-angles morts\" href=\"https:\/\/shop.repusel.com\/fr\/categorie-produit\/retroviseurs-anti-angles-morts\/\"><img loading=\"lazy\" decoding=\"async\" src=\"https:\/\/shop.repusel.com\/wp-content\/uploads\/2026\/03\/1321_1-324x243.jpg\" alt=\"R\u00e9troviseurs anti-angles morts\" width=\"324\" height=\"243\" \/>\t\t<h2 class=\"woocommerce-loop-category__title\">\n\t\t\tR\u00e9troviseurs anti-angles morts <mark class=\"count\">(1)<\/mark>\t\t<\/h2>\n\t\t<\/a><\/li>\n<li class=\"product-category product last\">\n\t<a aria-label=\"Acc\u00e9der \u00e0 la cat\u00e9gorie de produits R\u00e9troviseurs de caravane\" href=\"https:\/\/shop.repusel.com\/fr\/categorie-produit\/retroviseurs-de-caravane\/\"><img loading=\"lazy\" decoding=\"async\" src=\"https:\/\/shop.repusel.com\/wp-content\/uploads\/2026\/03\/3000_1-324x243.jpg\" alt=\"R\u00e9troviseurs de caravane\" width=\"324\" height=\"243\" \/>\t\t<h2 class=\"woocommerce-loop-category__title\">\n\t\t\tR\u00e9troviseurs de caravane <mark class=\"count\">(21)<\/mark>\t\t<\/h2>\n\t\t<\/a><\/li>\n<\/ul>\n<\/div>\n\n<h2 class=\"wp-block-heading has-text-align-center\">Promotions<\/h2>\n\n<p><\/p>\n","protected":false},"excerpt":{"rendered":"<p>Faites vos achats par cat\u00e9gorie Promotions<\/p>\n","protected":false},"author":1,"featured_media":0,"parent":0,"menu_order":0,"comment_status":"closed","ping_status":"closed","template":"template-fullwidth.php","meta":{"footnotes":""},"class_list":["post-666","page","type-page","status-publish","hentry"],"_links":{"self":[{"href":"https:\/\/shop.repusel.com\/fr\/wp-json\/wp\/v2\/pages\/666","targetHints":{"allow":["GET"]}}],"collection":[{"href":"https:\/\/shop.repusel.com\/fr\/wp-json\/wp\/v2\/pages"}],"about":[{"href":"https:\/\/shop.repusel.com\/fr\/wp-json\/wp\/v2\/types\/page"}],"author":[{"embeddable":true,"href":"https:\/\/shop.repusel.com\/fr\/wp-json\/wp\/v2\/users\/1"}],"replies":[{"embeddable":true,"href":"https:\/\/shop.repusel.com\/fr\/wp-json\/wp\/v2\/comments?post=666"}],"version-history":[{"count":1,"href":"https:\/\/shop.repusel.com\/fr\/wp-json\/wp\/v2\/pages\/666\/revisions"}],"predecessor-version":[{"id":667,"href":"https:\/\/shop.repusel.com\/fr\/wp-json\/wp\/v2\/pages\/666\/revisions\/667"}],"wp:attachment":[{"href":"https:\/\/shop.repusel.com\/fr\/wp-json\/wp\/v2\/media?parent=666"}],"curies":[{"name":"wp","href":"https:\/\/api.w.org\/{rel}","templated":true}]}}