{"id":673,"date":"2026-03-23T22:24:36","date_gmt":"2026-03-23T22:24:36","guid":{"rendered":"https:\/\/shop.repusel.com\/product\/3011-glace-de-rechange-luxmax-glace-bombe-anti-aveuglement\/"},"modified":"2026-03-23T22:24:36","modified_gmt":"2026-03-23T22:24:36","slug":"3011-glace-de-rechange-luxmax-glace-bombe-anti-aveuglement","status":"publish","type":"product","link":"https:\/\/shop.repusel.com\/fr\/produit\/3011-glace-de-rechange-luxmax-glace-bombe-anti-aveuglement\/","title":{"rendered":"3011 Glace de rechange, Luxmax, Glace bomb\u00e9, anti aveuglement"},"content":{"rendered":"<p>Glace de rechange bomb\u00e9 pour Luxmax (teint\u00e9e et anti-aveuglement).<\/p>\n","protected":false},"excerpt":{"rendered":"<p>Glace de rechange bomb\u00e9 pour Luxmax (teint\u00e9e et anti-aveuglement).<\/p>\n","protected":false},"featured_media":674,"comment_status":"open","ping_status":"closed","template":"","meta":[],"product_brand":[],"product_cat":[75],"product_tag":[],"class_list":{"0":"post-673","1":"product","2":"type-product","3":"status-publish","4":"has-post-thumbnail","6":"product_cat-pieces-detachees-alufor-et-luxmax","8":"first","9":"instock","10":"taxable","11":"shipping-taxable","12":"purchasable","13":"product-type-simple"},"_links":{"self":[{"href":"https:\/\/shop.repusel.com\/fr\/wp-json\/wp\/v2\/product\/673","targetHints":{"allow":["GET"]}}],"collection":[{"href":"https:\/\/shop.repusel.com\/fr\/wp-json\/wp\/v2\/product"}],"about":[{"href":"https:\/\/shop.repusel.com\/fr\/wp-json\/wp\/v2\/types\/product"}],"replies":[{"embeddable":true,"href":"https:\/\/shop.repusel.com\/fr\/wp-json\/wp\/v2\/comments?post=673"}],"wp:featuredmedia":[{"embeddable":true,"href":"https:\/\/shop.repusel.com\/fr\/wp-json\/wp\/v2\/media\/674"}],"wp:attachment":[{"href":"https:\/\/shop.repusel.com\/fr\/wp-json\/wp\/v2\/media?parent=673"}],"wp:term":[{"taxonomy":"product_brand","embeddable":true,"href":"https:\/\/shop.repusel.com\/fr\/wp-json\/wp\/v2\/product_brand?post=673"},{"taxonomy":"product_cat","embeddable":true,"href":"https:\/\/shop.repusel.com\/fr\/wp-json\/wp\/v2\/product_cat?post=673"},{"taxonomy":"product_tag","embeddable":true,"href":"https:\/\/shop.repusel.com\/fr\/wp-json\/wp\/v2\/product_tag?post=673"}],"curies":[{"name":"wp","href":"https:\/\/api.w.org\/{rel}","templated":true}]}}