{"id":685,"date":"2026-03-25T14:16:44","date_gmt":"2026-03-25T14:16:44","guid":{"rendered":"https:\/\/shop.repusel.com\/product\/3015-cape-retroviseur-glace-bombe-anti-aveuglement\/"},"modified":"2026-03-25T14:16:44","modified_gmt":"2026-03-25T14:16:44","slug":"3015-cape-retroviseur-glace-bombe-anti-aveuglement","status":"publish","type":"product","link":"https:\/\/shop.repusel.com\/fr\/produit\/3015-cape-retroviseur-glace-bombe-anti-aveuglement\/","title":{"rendered":"3015 Cape r\u00e9troviseur, Glace bomb\u00e9, anti aveuglement"},"content":{"rendered":"<p>Cape r\u00e9troviseur pour le R\u00e9troviseur de Caravane, Luxmax et Manomak. Complet avec glace bomb\u00e9e, bleue, anti-aveuglement et anneau de caoutchouc. <\/p>\n","protected":false},"excerpt":{"rendered":"<p>Cape r\u00e9troviseur pour le R\u00e9troviseur de Caravane, Luxmax et Manomak. Complet avec glace bomb\u00e9e, bleue, anti-aveuglement et anneau de caoutchouc.<\/p>\n","protected":false},"featured_media":686,"comment_status":"open","ping_status":"closed","template":"","meta":[],"product_brand":[],"product_cat":[75],"product_tag":[],"class_list":{"0":"post-685","1":"product","2":"type-product","3":"status-publish","4":"has-post-thumbnail","6":"product_cat-pieces-detachees-alufor-et-luxmax","8":"first","9":"instock","10":"taxable","11":"shipping-taxable","12":"purchasable","13":"product-type-simple"},"_links":{"self":[{"href":"https:\/\/shop.repusel.com\/fr\/wp-json\/wp\/v2\/product\/685","targetHints":{"allow":["GET"]}}],"collection":[{"href":"https:\/\/shop.repusel.com\/fr\/wp-json\/wp\/v2\/product"}],"about":[{"href":"https:\/\/shop.repusel.com\/fr\/wp-json\/wp\/v2\/types\/product"}],"replies":[{"embeddable":true,"href":"https:\/\/shop.repusel.com\/fr\/wp-json\/wp\/v2\/comments?post=685"}],"wp:featuredmedia":[{"embeddable":true,"href":"https:\/\/shop.repusel.com\/fr\/wp-json\/wp\/v2\/media\/686"}],"wp:attachment":[{"href":"https:\/\/shop.repusel.com\/fr\/wp-json\/wp\/v2\/media?parent=685"}],"wp:term":[{"taxonomy":"product_brand","embeddable":true,"href":"https:\/\/shop.repusel.com\/fr\/wp-json\/wp\/v2\/product_brand?post=685"},{"taxonomy":"product_cat","embeddable":true,"href":"https:\/\/shop.repusel.com\/fr\/wp-json\/wp\/v2\/product_cat?post=685"},{"taxonomy":"product_tag","embeddable":true,"href":"https:\/\/shop.repusel.com\/fr\/wp-json\/wp\/v2\/product_tag?post=685"}],"curies":[{"name":"wp","href":"https:\/\/api.w.org\/{rel}","templated":true}]}}