{"id":715,"date":"2026-03-25T14:50:47","date_gmt":"2026-03-25T14:50:47","guid":{"rendered":"https:\/\/shop.repusel.com\/product\/couvre-joint-connection-30-cm\/"},"modified":"2026-03-25T14:50:47","modified_gmt":"2026-03-25T14:50:47","slug":"couvre-joint-connection-30-cm","status":"publish","type":"product","link":"https:\/\/shop.repusel.com\/fr\/produit\/couvre-joint-connection-30-cm\/","title":{"rendered":"Couvre-joint connection 30 cm"},"content":{"rendered":"<p>Couvre-joint pour des tr\u00e8s grandes r\u00e9troviseurs de plus de 30 cm, comme les r\u00e9tros de camions et de camping-cars.<br \/>&#8211; Couvre-joint connection 30 cm.<br \/>&#8211; Mat\u00e9rial pour joindre les couvre-joints.<br \/>&#8211; 2 ventouse de r\u00e9glage.<\/p>\n","protected":false},"excerpt":{"rendered":"<p>Couvre-joint pour des tr\u00e8s grandes r\u00e9troviseurs de plus de 30 cm, comme les r\u00e9tros de camions et de camping-cars.&#8211; Couvre-joint connection 30 cm.&#8211; Mat\u00e9rial pour joindre les couvre-joints.&#8211; 2 ventouse de r\u00e9glage.<\/p>\n","protected":false},"featured_media":716,"comment_status":"open","ping_status":"closed","template":"","meta":[],"product_brand":[],"product_cat":[75],"product_tag":[],"class_list":{"0":"post-715","1":"product","2":"type-product","3":"status-publish","4":"has-post-thumbnail","6":"product_cat-pieces-detachees-alufor-et-luxmax","8":"first","9":"instock","10":"taxable","11":"shipping-taxable","12":"purchasable","13":"product-type-simple"},"_links":{"self":[{"href":"https:\/\/shop.repusel.com\/fr\/wp-json\/wp\/v2\/product\/715","targetHints":{"allow":["GET"]}}],"collection":[{"href":"https:\/\/shop.repusel.com\/fr\/wp-json\/wp\/v2\/product"}],"about":[{"href":"https:\/\/shop.repusel.com\/fr\/wp-json\/wp\/v2\/types\/product"}],"replies":[{"embeddable":true,"href":"https:\/\/shop.repusel.com\/fr\/wp-json\/wp\/v2\/comments?post=715"}],"wp:featuredmedia":[{"embeddable":true,"href":"https:\/\/shop.repusel.com\/fr\/wp-json\/wp\/v2\/media\/716"}],"wp:attachment":[{"href":"https:\/\/shop.repusel.com\/fr\/wp-json\/wp\/v2\/media?parent=715"}],"wp:term":[{"taxonomy":"product_brand","embeddable":true,"href":"https:\/\/shop.repusel.com\/fr\/wp-json\/wp\/v2\/product_brand?post=715"},{"taxonomy":"product_cat","embeddable":true,"href":"https:\/\/shop.repusel.com\/fr\/wp-json\/wp\/v2\/product_cat?post=715"},{"taxonomy":"product_tag","embeddable":true,"href":"https:\/\/shop.repusel.com\/fr\/wp-json\/wp\/v2\/product_tag?post=715"}],"curies":[{"name":"wp","href":"https:\/\/api.w.org\/{rel}","templated":true}]}}