{"id":720,"date":"2026-03-25T14:54:09","date_gmt":"2026-03-25T14:54:09","guid":{"rendered":"https:\/\/shop.repusel.com\/product\/3044-octopus-force-es-asperatrice-la-piece\/"},"modified":"2026-03-25T14:54:09","modified_gmt":"2026-03-25T14:54:09","slug":"3044-octopus-force-es-asperatrice-la-piece","status":"publish","type":"product","link":"https:\/\/shop.repusel.com\/fr\/produit\/3044-octopus-force-es-asperatrice-la-piece\/","title":{"rendered":"3044 Octopus Force ES asp\u00e9ratrice, la piece"},"content":{"rendered":"<p style=\"font-weight: 400;\">Les R\u00e9troviseurs de caravane Repusel (art 3000 &#8211; 3007) s\u2019adaptent sur presque tous les r\u00e9troviseurs.<\/p>\n<p>Parfois, quand les r\u00e9tros sont tr\u00e8s grands, tr\u00e8s ronds et aussi tr\u00e8s obliques, il se peut que les r\u00e9troviseurs de caravane Repusel ne soient pas encore fix\u00e9s de fa\u00e7on optimale.<\/p>\n<p>Pour ces retroviseurs extr\u00e8mes nous avons d\u00e9velopp\u00e9s l\u2019Octopus ES, de sorte qu\u2019il y a aussi une solution pour ces cas.<\/p>\n<p style=\"font-weight: 400;\">Inclus:<\/p>\n<ul style=\"font-weight: 400;\">\n<li>Force asp\u00e9ratrice<\/li>\n<\/ul>\n<ul style=\"font-weight: 400;\">\n<li>Pi\u00e8ces de fixation<\/li>\n<\/ul>\n","protected":false},"excerpt":{"rendered":"<p>Les R\u00e9troviseurs de caravane Repusel (art 3000 &#8211; 3007) s\u2019adaptent sur presque tous les r\u00e9troviseurs. Parfois, quand les r\u00e9tros sont tr\u00e8s grands, tr\u00e8s ronds et aussi tr\u00e8s obliques, il se peut que les r\u00e9troviseurs de caravane Repusel ne soient pas encore fix\u00e9s de fa\u00e7on optimale. Pour ces retroviseurs extr\u00e8mes nous avons d\u00e9velopp\u00e9s l\u2019Octopus ES, de [&hellip;]<\/p>\n","protected":false},"featured_media":167,"comment_status":"open","ping_status":"closed","template":"","meta":[],"product_brand":[],"product_cat":[80],"product_tag":[],"class_list":{"0":"post-720","1":"product","2":"type-product","3":"status-publish","4":"has-post-thumbnail","6":"product_cat-les-solutions-aux-problemes-de-retroviseurs-de-caravanes","8":"first","9":"instock","10":"taxable","11":"shipping-taxable","12":"purchasable","13":"product-type-simple"},"_links":{"self":[{"href":"https:\/\/shop.repusel.com\/fr\/wp-json\/wp\/v2\/product\/720","targetHints":{"allow":["GET"]}}],"collection":[{"href":"https:\/\/shop.repusel.com\/fr\/wp-json\/wp\/v2\/product"}],"about":[{"href":"https:\/\/shop.repusel.com\/fr\/wp-json\/wp\/v2\/types\/product"}],"replies":[{"embeddable":true,"href":"https:\/\/shop.repusel.com\/fr\/wp-json\/wp\/v2\/comments?post=720"}],"wp:featuredmedia":[{"embeddable":true,"href":"https:\/\/shop.repusel.com\/fr\/wp-json\/wp\/v2\/media\/167"}],"wp:attachment":[{"href":"https:\/\/shop.repusel.com\/fr\/wp-json\/wp\/v2\/media?parent=720"}],"wp:term":[{"taxonomy":"product_brand","embeddable":true,"href":"https:\/\/shop.repusel.com\/fr\/wp-json\/wp\/v2\/product_brand?post=720"},{"taxonomy":"product_cat","embeddable":true,"href":"https:\/\/shop.repusel.com\/fr\/wp-json\/wp\/v2\/product_cat?post=720"},{"taxonomy":"product_tag","embeddable":true,"href":"https:\/\/shop.repusel.com\/fr\/wp-json\/wp\/v2\/product_tag?post=720"}],"curies":[{"name":"wp","href":"https:\/\/api.w.org\/{rel}","templated":true}]}}