{"id":723,"date":"2026-03-25T15:13:02","date_gmt":"2026-03-25T15:13:02","guid":{"rendered":"https:\/\/shop.repusel.com\/product\/8792-dasta-la-paire\/"},"modified":"2026-03-25T15:13:02","modified_gmt":"2026-03-25T15:13:02","slug":"8792-dasta-la-paire","status":"publish","type":"product","link":"https:\/\/shop.repusel.com\/fr\/produit\/8792-dasta-la-paire\/","title":{"rendered":"8792 Dasta, la paire"},"content":{"rendered":"<p><span style=\"color: #3366cc; font-size: small;\"><strong><span style=\"font-family: Arial, Helvetica, sans-serif; font-size: medium;\">DASTA &#8211; <em>Bras d&rsquo;appui pour r\u00e9troviseurs de caravane<\/em><\/span><\/strong><\/span><\/p>\n<p>Le Dasta pr\u00e9vient les vibrations g\u00eanantes du r\u00e9troviseur de caravane.<\/p>\n<ul>\n<li>\u00e9vite efficacement le retournement des r\u00e9troviseurs suite au croisement de poids lourds, aux vents contraires violents etc.<\/li>\n<\/ul>\n<ul>\n<li>Bras d&rsquo;appui \u00e9quip\u00e9 d&rsquo;une ventouse forte.<\/li>\n<\/ul>\n<ul>\n<li>Avec nouveau <strong><em><a href=\"https:\/\/www.repusel.com\/ENGLISH\/catalog\/product_detail.php?categories_id=47&amp;products_id=116Avec nouveau Octopus Ventouse: a une adh\u00e9sion beaucoup plus am\u00e9lior\u00e9e.\" target=\"_blank\" rel=\"noopener\">Octopus Ventouse<\/a><\/em><\/strong>: a une adh\u00e9sion beaucoup plus am\u00e9lior\u00e9e.<\/li>\n<\/ul>\n<ul>\n<li>Accessoire exclusivement pour le r\u00e9troviseur de caravane Repusel Alufor et Luxmax (non-inclus).<\/li>\n<\/ul>\n<ul>\n<li>Lorsque vous n&rsquo;utilisez pas le Dasta, retirez-le de votre porti\u00e8re.<\/li>\n<\/ul>\n","protected":false},"excerpt":{"rendered":"<p>Bras d&rsquo;appui avec ventouse forte<\/p>\n","protected":false},"featured_media":176,"comment_status":"open","ping_status":"closed","template":"","meta":[],"product_brand":[],"product_cat":[80],"product_tag":[],"class_list":{"0":"post-723","1":"product","2":"type-product","3":"status-publish","4":"has-post-thumbnail","6":"product_cat-les-solutions-aux-problemes-de-retroviseurs-de-caravanes","8":"first","9":"instock","10":"taxable","11":"shipping-taxable","12":"purchasable","13":"product-type-simple"},"_links":{"self":[{"href":"https:\/\/shop.repusel.com\/fr\/wp-json\/wp\/v2\/product\/723","targetHints":{"allow":["GET"]}}],"collection":[{"href":"https:\/\/shop.repusel.com\/fr\/wp-json\/wp\/v2\/product"}],"about":[{"href":"https:\/\/shop.repusel.com\/fr\/wp-json\/wp\/v2\/types\/product"}],"replies":[{"embeddable":true,"href":"https:\/\/shop.repusel.com\/fr\/wp-json\/wp\/v2\/comments?post=723"}],"wp:featuredmedia":[{"embeddable":true,"href":"https:\/\/shop.repusel.com\/fr\/wp-json\/wp\/v2\/media\/176"}],"wp:attachment":[{"href":"https:\/\/shop.repusel.com\/fr\/wp-json\/wp\/v2\/media?parent=723"}],"wp:term":[{"taxonomy":"product_brand","embeddable":true,"href":"https:\/\/shop.repusel.com\/fr\/wp-json\/wp\/v2\/product_brand?post=723"},{"taxonomy":"product_cat","embeddable":true,"href":"https:\/\/shop.repusel.com\/fr\/wp-json\/wp\/v2\/product_cat?post=723"},{"taxonomy":"product_tag","embeddable":true,"href":"https:\/\/shop.repusel.com\/fr\/wp-json\/wp\/v2\/product_tag?post=723"}],"curies":[{"name":"wp","href":"https:\/\/api.w.org\/{rel}","templated":true}]}}