{"id":726,"date":"2026-03-26T10:50:31","date_gmt":"2026-03-26T10:50:31","guid":{"rendered":"https:\/\/shop.repusel.com\/product\/8600-davit-avec-octopus-ventouse-forte\/"},"modified":"2026-03-26T10:50:31","modified_gmt":"2026-03-26T10:50:31","slug":"8600-davit-avec-octopus-ventouse-forte","status":"publish","type":"product","link":"https:\/\/shop.repusel.com\/fr\/produit\/8600-davit-avec-octopus-ventouse-forte\/","title":{"rendered":"8600 DAVIT avec Octopus Ventouse forte"},"content":{"rendered":"<p><span class=\"Apple-style-span\">DAVIT<\/span><\/p>\n<p><span class=\"Apple-style-span\"><em>Pour \u00e9viter le retournement des r\u00e9troviseurs <\/em><\/span><\/p>\n<p><em><strong>Avec nouveau Octopus Ventouse: a une adh\u00e9sion beaucoup plus am\u00e9lior\u00e9e.<br \/>\n<\/strong><\/em><\/p>\n<div>Pour \u00e9viter efficacement le retournement des r\u00e9troviseurs suite au croisement de poids lourds, aux vents contraires violents etc.  <\/div>\n<p>Ventouse forte avec bande de tension flexible.<br \/>Application universelle.<br \/>Lorsque vous n&rsquo;utilisez pas les ventouses, retirez-les de votre porti\u00e8re. <\/p>\n","protected":false},"excerpt":{"rendered":"<p>DAVIT Pour \u00e9viter le retournement des r\u00e9troviseurs Avec nouveau Octopus Ventouse: a une adh\u00e9sion beaucoup plus am\u00e9lior\u00e9e. Pour \u00e9viter efficacement le retournement des r\u00e9troviseurs suite au croisement de poids lourds, aux vents contraires violents etc. Ventouse forte avec bande de tension flexible.Application universelle.Lorsque vous n&rsquo;utilisez pas les ventouses, retirez-les de votre porti\u00e8re.<\/p>\n","protected":false},"featured_media":203,"comment_status":"open","ping_status":"closed","template":"","meta":[],"product_brand":[],"product_cat":[80],"product_tag":[],"class_list":{"0":"post-726","1":"product","2":"type-product","3":"status-publish","4":"has-post-thumbnail","6":"product_cat-les-solutions-aux-problemes-de-retroviseurs-de-caravanes","8":"first","9":"instock","10":"taxable","11":"shipping-taxable","12":"purchasable","13":"product-type-simple"},"_links":{"self":[{"href":"https:\/\/shop.repusel.com\/fr\/wp-json\/wp\/v2\/product\/726","targetHints":{"allow":["GET"]}}],"collection":[{"href":"https:\/\/shop.repusel.com\/fr\/wp-json\/wp\/v2\/product"}],"about":[{"href":"https:\/\/shop.repusel.com\/fr\/wp-json\/wp\/v2\/types\/product"}],"replies":[{"embeddable":true,"href":"https:\/\/shop.repusel.com\/fr\/wp-json\/wp\/v2\/comments?post=726"}],"wp:featuredmedia":[{"embeddable":true,"href":"https:\/\/shop.repusel.com\/fr\/wp-json\/wp\/v2\/media\/203"}],"wp:attachment":[{"href":"https:\/\/shop.repusel.com\/fr\/wp-json\/wp\/v2\/media?parent=726"}],"wp:term":[{"taxonomy":"product_brand","embeddable":true,"href":"https:\/\/shop.repusel.com\/fr\/wp-json\/wp\/v2\/product_brand?post=726"},{"taxonomy":"product_cat","embeddable":true,"href":"https:\/\/shop.repusel.com\/fr\/wp-json\/wp\/v2\/product_cat?post=726"},{"taxonomy":"product_tag","embeddable":true,"href":"https:\/\/shop.repusel.com\/fr\/wp-json\/wp\/v2\/product_tag?post=726"}],"curies":[{"name":"wp","href":"https:\/\/api.w.org\/{rel}","templated":true}]}}