{"id":728,"date":"2026-03-26T10:19:46","date_gmt":"2026-03-26T10:19:46","guid":{"rendered":"https:\/\/shop.repusel.com\/product\/2496-golimak-la-paire\/"},"modified":"2026-03-26T10:19:46","modified_gmt":"2026-03-26T10:19:46","slug":"2496-golimak-la-paire","status":"publish","type":"product","link":"https:\/\/shop.repusel.com\/fr\/produit\/2496-golimak-la-paire\/","title":{"rendered":"2496 Golimak, la paire"},"content":{"rendered":"<p><strong><span style=\"font-family: Arial, Helvetica, sans-serif; font-size: medium;\">Golimak<\/span><\/strong><\/p>\n<p><strong><span style=\"font-family: Arial, Helvetica, sans-serif; font-size: medium;\"><em>Bras d&rsquo;appui pour r\u00e9troviseurs de caravane<\/em><\/span><\/strong><\/p>\n<p>Permet de supprimer pratiquement toutes les vibrations.<br \/>Emp\u00eache le retournement de votre r\u00e9troviseur de caravane en cas de d\u00e9placement d\u2019air important, occasionn\u00e9 par exemple par les camions.<\/p>\n<p>Plaque magn\u00e9tique avec bras d&rsquo;appui.<\/p>\n<div>La plaque magn\u00e9tique puissante se monte simplement et rapidement. <\/div>\n<div><\/div>\n<div>S\u2019adapte pratiquement \u00e0 toutes les voitures (pas sur les porti\u00e8res synth\u00e9tiques).<\/div>\n<div><\/div>\n<div>La plaque magn\u00e9tique est rev\u00eatue d\u2019une couche de peinture sp\u00e9ciale qui \u00e9vite d\u2019endommager la peinture de votre voiture.<\/div>\n<div><\/div>\n<div>Application Golimak: exclusivement pour Repusel R\u00e9troviseur Caravane.<\/div>\n","protected":false},"excerpt":{"rendered":"<p>Golimak Bras d&rsquo;appui pour r\u00e9troviseurs de caravane Permet de supprimer pratiquement toutes les vibrations.Emp\u00eache le retournement de votre r\u00e9troviseur de caravane en cas de d\u00e9placement d\u2019air important, occasionn\u00e9 par exemple par les camions. Plaque magn\u00e9tique avec bras d&rsquo;appui. La plaque magn\u00e9tique puissante se monte simplement et rapidement. S\u2019adapte pratiquement \u00e0 toutes les voitures (pas sur [&hellip;]<\/p>\n","protected":false},"featured_media":729,"comment_status":"open","ping_status":"closed","template":"","meta":[],"product_brand":[],"product_cat":[80],"product_tag":[],"class_list":{"0":"post-728","1":"product","2":"type-product","3":"status-publish","4":"has-post-thumbnail","6":"product_cat-les-solutions-aux-problemes-de-retroviseurs-de-caravanes","8":"first","9":"instock","10":"taxable","11":"shipping-taxable","12":"purchasable","13":"product-type-simple"},"_links":{"self":[{"href":"https:\/\/shop.repusel.com\/fr\/wp-json\/wp\/v2\/product\/728","targetHints":{"allow":["GET"]}}],"collection":[{"href":"https:\/\/shop.repusel.com\/fr\/wp-json\/wp\/v2\/product"}],"about":[{"href":"https:\/\/shop.repusel.com\/fr\/wp-json\/wp\/v2\/types\/product"}],"replies":[{"embeddable":true,"href":"https:\/\/shop.repusel.com\/fr\/wp-json\/wp\/v2\/comments?post=728"}],"wp:featuredmedia":[{"embeddable":true,"href":"https:\/\/shop.repusel.com\/fr\/wp-json\/wp\/v2\/media\/729"}],"wp:attachment":[{"href":"https:\/\/shop.repusel.com\/fr\/wp-json\/wp\/v2\/media?parent=728"}],"wp:term":[{"taxonomy":"product_brand","embeddable":true,"href":"https:\/\/shop.repusel.com\/fr\/wp-json\/wp\/v2\/product_brand?post=728"},{"taxonomy":"product_cat","embeddable":true,"href":"https:\/\/shop.repusel.com\/fr\/wp-json\/wp\/v2\/product_cat?post=728"},{"taxonomy":"product_tag","embeddable":true,"href":"https:\/\/shop.repusel.com\/fr\/wp-json\/wp\/v2\/product_tag?post=728"}],"curies":[{"name":"wp","href":"https:\/\/api.w.org\/{rel}","templated":true}]}}