{"id":731,"date":"2026-03-26T10:53:47","date_gmt":"2026-03-26T10:53:47","guid":{"rendered":"https:\/\/shop.repusel.com\/product\/1321-banana-retroviseur-dangle-mort\/"},"modified":"2026-03-26T10:53:47","modified_gmt":"2026-03-26T10:53:47","slug":"1321-banana-retroviseur-dangle-mort","status":"publish","type":"product","link":"https:\/\/shop.repusel.com\/fr\/produit\/1321-banana-retroviseur-dangle-mort\/","title":{"rendered":"1321 Banana r\u00e9troviseur d&rsquo;angle mort"},"content":{"rendered":"<div><span style=\"font-family: Verdana, Arial, Helvetica, sans-serif; font-size: large;\"><strong>Test\u00e9 comme le meilleur<\/strong><\/span><\/div>\n<div><span style=\"font-family: Verdana, Arial, Helvetica, sans-serif; font-size: large;\"><strong>(Promobil magazine)<\/strong><\/span><span style=\"font-size: large;\"><strong> <\/strong><\/span><\/div>\n<div><\/div>\n<div><img loading=\"lazy\" decoding=\"async\" src=\"https:\/\/repusel.com\/Pictures\/Promobil%20Banana%20test%20logo.jpg\" width=\"230\" height=\"164\" border=\"0\"><\/div>\n<div><span style=\"font-family: times new roman,times; font-size: medium;\"><strong>* Tournable!<\/strong><\/span><\/div>\n<p><span style=\"font-family: times new roman,times; font-size: medium;\">* Un mod\u00e8le a\u00e9rodynamique.<br \/>\n* Un montage rapide et ais\u00e9.<br \/>\n* Multiples possibilit\u00e9s de r\u00e9glage.<\/span><\/p>\n<p><span style=\"font-family: times new roman,times; font-size: medium;\">Vitre convex, visage panorama.<\/span><\/p>\n<p>15 x 6cm.<\/p>\n<p>Le pied est r\u00e9glable jusqu\u00b4a 12 mm.<\/p>\n<p><img decoding=\"async\" src=\"https:\/\/repusel.com\/Pictures\/MONTAGE%201321.jpg\" alt=\"1321 montage\" border=\"0\"><\/p>\n","protected":false},"excerpt":{"rendered":"<p>Test\u00e9 comme le meilleur (Promobil magazine) * Tournable! * Un mod\u00e8le a\u00e9rodynamique. * Un montage rapide et ais\u00e9. * Multiples possibilit\u00e9s de r\u00e9glage. Vitre convex, visage panorama. 15 x 6cm. Le pied est r\u00e9glable jusqu\u00b4a 12 mm.<\/p>\n","protected":false},"featured_media":205,"comment_status":"open","ping_status":"closed","template":"","meta":[],"product_brand":[],"product_cat":[72],"product_tag":[],"class_list":{"0":"post-731","1":"product","2":"type-product","3":"status-publish","4":"has-post-thumbnail","6":"product_cat-retroviseurs-anti-angles-morts","8":"first","9":"instock","10":"taxable","11":"shipping-taxable","12":"purchasable","13":"product-type-simple"},"_links":{"self":[{"href":"https:\/\/shop.repusel.com\/fr\/wp-json\/wp\/v2\/product\/731","targetHints":{"allow":["GET"]}}],"collection":[{"href":"https:\/\/shop.repusel.com\/fr\/wp-json\/wp\/v2\/product"}],"about":[{"href":"https:\/\/shop.repusel.com\/fr\/wp-json\/wp\/v2\/types\/product"}],"replies":[{"embeddable":true,"href":"https:\/\/shop.repusel.com\/fr\/wp-json\/wp\/v2\/comments?post=731"}],"wp:featuredmedia":[{"embeddable":true,"href":"https:\/\/shop.repusel.com\/fr\/wp-json\/wp\/v2\/media\/205"}],"wp:attachment":[{"href":"https:\/\/shop.repusel.com\/fr\/wp-json\/wp\/v2\/media?parent=731"}],"wp:term":[{"taxonomy":"product_brand","embeddable":true,"href":"https:\/\/shop.repusel.com\/fr\/wp-json\/wp\/v2\/product_brand?post=731"},{"taxonomy":"product_cat","embeddable":true,"href":"https:\/\/shop.repusel.com\/fr\/wp-json\/wp\/v2\/product_cat?post=731"},{"taxonomy":"product_tag","embeddable":true,"href":"https:\/\/shop.repusel.com\/fr\/wp-json\/wp\/v2\/product_tag?post=731"}],"curies":[{"name":"wp","href":"https:\/\/api.w.org\/{rel}","templated":true}]}}