{"id":733,"date":"2026-03-26T10:55:42","date_gmt":"2026-03-26T10:55:42","guid":{"rendered":"https:\/\/shop.repusel.com\/product\/1349-seju-baby\/"},"modified":"2026-03-26T10:55:42","modified_gmt":"2026-03-26T10:55:42","slug":"1349-seju-baby","status":"publish","type":"product","link":"https:\/\/shop.repusel.com\/fr\/produit\/1349-seju-baby\/","title":{"rendered":"1349 Seju Baby"},"content":{"rendered":"<div align=\"center\"><img loading=\"lazy\" decoding=\"async\" title=\"Seju\" src=\"https:\/\/repusel.com\/CATALOG_IMAGES\/Productimages\/Seju\/Seju%20logo1.png\" width=\"200\" height=\"128\" align=\"middle\" border=\"0\"><\/div>\n<div align=\"center\">\n<div align=\"center\"><span style=\"font-size: x-large;\"><strong>BABY<\/strong><\/span><\/div>\n<div align=\"center\">\n<div align=\"center\"><em>\u201cVoir un sourire ou un visage adorable,<br \/>\ncela rassure\u201d<\/em><\/div>\n<div align=\"center\">\n<div align=\"left\"><strong>Gardez un oeil sur votre b\u00e9b\u00e9 ou votre enfant,<br \/>\nen toute s\u00e9curit\u00e9<br \/>\nsans avoir \u00e0 vous retourner;<br \/>sans avoir \u00e0 modifi er le r\u00e9glage de votre r\u00e9troviseur int\u00e9rieur.<\/strong><\/div>\n<div align=\"left\">\n<div align=\"left\">\n<ul>\n<li>Fixation solide par ventouse forte, convenant \u00e0 tout type de pare-brise.<\/li>\n<li>R\u00e9glable de tous c\u00f4t\u00e9s.<\/li>\n<li>Montage simple.<\/li>\n<li>14,7 x 6,1<\/li>\n<\/ul>\n<\/div>\n<\/div>\n<\/div>\n<\/div>\n<\/div>\n","protected":false},"excerpt":{"rendered":"<p>BABY \u201cVoir un sourire ou un visage adorable, cela rassure\u201d Gardez un oeil sur votre b\u00e9b\u00e9 ou votre enfant, en toute s\u00e9curit\u00e9 sans avoir \u00e0 vous retourner;sans avoir \u00e0 modifi er le r\u00e9glage de votre r\u00e9troviseur int\u00e9rieur. Fixation solide par ventouse forte, convenant \u00e0 tout type de pare-brise. R\u00e9glable de tous c\u00f4t\u00e9s. Montage simple. 14,7 [&hellip;]<\/p>\n","protected":false},"featured_media":207,"comment_status":"open","ping_status":"closed","template":"","meta":[],"product_brand":[],"product_cat":[73],"product_tag":[],"class_list":{"0":"post-733","1":"product","2":"type-product","3":"status-publish","4":"has-post-thumbnail","6":"product_cat-retroviseur-interieur","8":"first","9":"instock","10":"taxable","11":"shipping-taxable","12":"purchasable","13":"product-type-simple"},"_links":{"self":[{"href":"https:\/\/shop.repusel.com\/fr\/wp-json\/wp\/v2\/product\/733","targetHints":{"allow":["GET"]}}],"collection":[{"href":"https:\/\/shop.repusel.com\/fr\/wp-json\/wp\/v2\/product"}],"about":[{"href":"https:\/\/shop.repusel.com\/fr\/wp-json\/wp\/v2\/types\/product"}],"replies":[{"embeddable":true,"href":"https:\/\/shop.repusel.com\/fr\/wp-json\/wp\/v2\/comments?post=733"}],"wp:featuredmedia":[{"embeddable":true,"href":"https:\/\/shop.repusel.com\/fr\/wp-json\/wp\/v2\/media\/207"}],"wp:attachment":[{"href":"https:\/\/shop.repusel.com\/fr\/wp-json\/wp\/v2\/media?parent=733"}],"wp:term":[{"taxonomy":"product_brand","embeddable":true,"href":"https:\/\/shop.repusel.com\/fr\/wp-json\/wp\/v2\/product_brand?post=733"},{"taxonomy":"product_cat","embeddable":true,"href":"https:\/\/shop.repusel.com\/fr\/wp-json\/wp\/v2\/product_cat?post=733"},{"taxonomy":"product_tag","embeddable":true,"href":"https:\/\/shop.repusel.com\/fr\/wp-json\/wp\/v2\/product_tag?post=733"}],"curies":[{"name":"wp","href":"https:\/\/api.w.org\/{rel}","templated":true}]}}