{"id":735,"date":"2026-03-26T10:56:46","date_gmt":"2026-03-26T10:56:46","guid":{"rendered":"https:\/\/shop.repusel.com\/product\/1348-seju-compagnon-miroir-d-echange-de-regards\/"},"modified":"2026-03-26T10:56:46","modified_gmt":"2026-03-26T10:56:46","slug":"1348-seju-compagnon-miroir-d-echange-de-regards","status":"publish","type":"product","link":"https:\/\/shop.repusel.com\/fr\/produit\/1348-seju-compagnon-miroir-d-echange-de-regards\/","title":{"rendered":"1348 Seju Compagnon Miroir d \u00e9change de regards"},"content":{"rendered":"<div align=\"center\"><img loading=\"lazy\" decoding=\"async\" title=\"Seju\" src=\"https:\/\/repusel.com\/CATALOG_IMAGES\/Productimages\/Seju\/Seju%20logo1.png\" width=\"200\" height=\"128\" align=\"middle\" border=\"0\"><\/div>\n<div align=\"center\"><span style=\"font-size: large;\"><strong>Compagnon<\/strong><\/span><\/div>\n<div align=\"center\">\n<div align=\"center\"><em>\u201cChaque d\u00e9placement devient un plaisir,<br \/>\npour vos compagnons de voyage et vous-m\u00eame..\u201d<\/em><\/div>\n<div align=\"center\"><strong>Voyagez accompagn\u00e9,<\/strong><br \/>\n<strong>en toute s\u00e9curit\u00e9<\/strong><br \/>\n<strong>sans avoir \u00e0 vous retourner; sans avoir \u00e0 modifier le r\u00e9glage de votre r\u00e9troviseur int\u00e9rieur.<\/strong><\/p>\n<div align=\"center\">\n<div align=\"left\">\n<ul>\n<li>Grande visibilit\u00e9 de l\u2019arri\u00e8re.<\/li>\n<li>Convient aux voitures, camionnettes, autobus et camping-cars.<\/li>\n<li>Fixation solide par ventouse forte, convenant \u00e0 tout type de pare-brise.<\/li>\n<li>R\u00e9glable de tous c\u00f4t\u00e9s.<\/li>\n<li>Montage simple.<\/li>\n<li>16,1 x 10,2 cm.<\/li>\n<\/ul>\n<\/div>\n<\/div>\n<\/div>\n<\/div>\n","protected":false},"excerpt":{"rendered":"<p>Compagnon \u201cChaque d\u00e9placement devient un plaisir, pour vos compagnons de voyage et vous-m\u00eame..\u201d Voyagez accompagn\u00e9, en toute s\u00e9curit\u00e9 sans avoir \u00e0 vous retourner; sans avoir \u00e0 modifier le r\u00e9glage de votre r\u00e9troviseur int\u00e9rieur. Grande visibilit\u00e9 de l\u2019arri\u00e8re. Convient aux voitures, camionnettes, autobus et camping-cars. Fixation solide par ventouse forte, convenant \u00e0 tout type de pare-brise. [&hellip;]<\/p>\n","protected":false},"featured_media":209,"comment_status":"open","ping_status":"closed","template":"","meta":[],"product_brand":[],"product_cat":[73],"product_tag":[],"class_list":{"0":"post-735","1":"product","2":"type-product","3":"status-publish","4":"has-post-thumbnail","6":"product_cat-retroviseur-interieur","8":"first","9":"instock","10":"taxable","11":"shipping-taxable","12":"purchasable","13":"product-type-simple"},"_links":{"self":[{"href":"https:\/\/shop.repusel.com\/fr\/wp-json\/wp\/v2\/product\/735","targetHints":{"allow":["GET"]}}],"collection":[{"href":"https:\/\/shop.repusel.com\/fr\/wp-json\/wp\/v2\/product"}],"about":[{"href":"https:\/\/shop.repusel.com\/fr\/wp-json\/wp\/v2\/types\/product"}],"replies":[{"embeddable":true,"href":"https:\/\/shop.repusel.com\/fr\/wp-json\/wp\/v2\/comments?post=735"}],"wp:featuredmedia":[{"embeddable":true,"href":"https:\/\/shop.repusel.com\/fr\/wp-json\/wp\/v2\/media\/209"}],"wp:attachment":[{"href":"https:\/\/shop.repusel.com\/fr\/wp-json\/wp\/v2\/media?parent=735"}],"wp:term":[{"taxonomy":"product_brand","embeddable":true,"href":"https:\/\/shop.repusel.com\/fr\/wp-json\/wp\/v2\/product_brand?post=735"},{"taxonomy":"product_cat","embeddable":true,"href":"https:\/\/shop.repusel.com\/fr\/wp-json\/wp\/v2\/product_cat?post=735"},{"taxonomy":"product_tag","embeddable":true,"href":"https:\/\/shop.repusel.com\/fr\/wp-json\/wp\/v2\/product_tag?post=735"}],"curies":[{"name":"wp","href":"https:\/\/api.w.org\/{rel}","templated":true}]}}