{"id":783,"date":"2026-03-26T11:01:56","date_gmt":"2026-03-26T11:01:56","guid":{"rendered":"https:\/\/shop.repusel.com\/product\/1293-top-mirror-vitre-plate\/"},"modified":"2026-03-26T11:01:56","modified_gmt":"2026-03-26T11:01:56","slug":"1293-top-mirror-vitre-plate","status":"publish","type":"product","link":"https:\/\/shop.repusel.com\/fr\/produit\/1293-top-mirror-vitre-plate\/","title":{"rendered":"1293 Top Mirror, vitre plate"},"content":{"rendered":"<p align=\"center\"><strong><span style=\"font-size: small;\">Top Mirror (1293)<br \/>\n<\/span><\/strong><\/p>\n<div align=\"center\"><strong><span style=\"font-size: small;\">Verre plat<\/span><\/strong><\/div>\n<p>R\u00e9glage tr\u00e8s flexible pour un montage sur la cape de r\u00e9troviseur.<\/p>\n<ul>\n<li>Une construction extr\u00eamement robuste.<\/li>\n<\/ul>\n<ul>\n<li>Un bras extensible et r\u00e9glable offre des grandes possibilit\u00e9s.<\/li>\n<\/ul>\n<ul>\n<li>Montage et d\u00e9montage ultra rapide.<\/li>\n<\/ul>\n<ul>\n<li>Champ de vision OPTIMALE<\/li>\n<\/ul>\n<ul>\n<li>Vue excellente avec sa cape r\u00e9troviseur tournante.<\/li>\n<\/ul>\n<ul>\n<li>Bande caoutchouc pour la s\u00e9curit\u00e9 inclus.<\/li>\n<\/ul>\n<ul>\n<li>E-approuv\u00e9<\/li>\n<\/ul>\n","protected":false},"excerpt":{"rendered":"<p>Top Mirror (1293) Verre plat R\u00e9glage tr\u00e8s flexible pour un montage sur la cape de r\u00e9troviseur. Une construction extr\u00eamement robuste. Un bras extensible et r\u00e9glable offre des grandes possibilit\u00e9s. Montage et d\u00e9montage ultra rapide. Champ de vision OPTIMALE Vue excellente avec sa cape r\u00e9troviseur tournante. Bande caoutchouc pour la s\u00e9curit\u00e9 inclus. E-approuv\u00e9<\/p>\n","protected":false},"featured_media":214,"comment_status":"open","ping_status":"closed","template":"","meta":[],"product_brand":[],"product_cat":[82],"product_tag":[],"class_list":{"0":"post-783","1":"product","2":"type-product","3":"status-publish","4":"has-post-thumbnail","6":"product_cat-autres-retroviseurs-de-caravane","8":"first","9":"instock","10":"taxable","11":"shipping-taxable","12":"purchasable","13":"product-type-simple"},"_links":{"self":[{"href":"https:\/\/shop.repusel.com\/fr\/wp-json\/wp\/v2\/product\/783","targetHints":{"allow":["GET"]}}],"collection":[{"href":"https:\/\/shop.repusel.com\/fr\/wp-json\/wp\/v2\/product"}],"about":[{"href":"https:\/\/shop.repusel.com\/fr\/wp-json\/wp\/v2\/types\/product"}],"replies":[{"embeddable":true,"href":"https:\/\/shop.repusel.com\/fr\/wp-json\/wp\/v2\/comments?post=783"}],"wp:featuredmedia":[{"embeddable":true,"href":"https:\/\/shop.repusel.com\/fr\/wp-json\/wp\/v2\/media\/214"}],"wp:attachment":[{"href":"https:\/\/shop.repusel.com\/fr\/wp-json\/wp\/v2\/media?parent=783"}],"wp:term":[{"taxonomy":"product_brand","embeddable":true,"href":"https:\/\/shop.repusel.com\/fr\/wp-json\/wp\/v2\/product_brand?post=783"},{"taxonomy":"product_cat","embeddable":true,"href":"https:\/\/shop.repusel.com\/fr\/wp-json\/wp\/v2\/product_cat?post=783"},{"taxonomy":"product_tag","embeddable":true,"href":"https:\/\/shop.repusel.com\/fr\/wp-json\/wp\/v2\/product_tag?post=783"}],"curies":[{"name":"wp","href":"https:\/\/api.w.org\/{rel}","templated":true}]}}