{"id":789,"date":"2026-03-26T11:04:43","date_gmt":"2026-03-26T11:04:43","guid":{"rendered":"https:\/\/shop.repusel.com\/product\/1295-big-frog-vitre-plate\/"},"modified":"2026-03-26T11:04:43","modified_gmt":"2026-03-26T11:04:43","slug":"1295-big-frog-vitre-plate","status":"publish","type":"product","link":"https:\/\/shop.repusel.com\/fr\/produit\/1295-big-frog-vitre-plate\/","title":{"rendered":"1295 Big Frog, Vitre plate"},"content":{"rendered":"<div>\n<p align=\"center\"><strong><span style=\"font-size: small;\">Big Frog (1295)<br \/>\n<\/span><\/strong><\/p>\n<\/div>\n<div align=\"center\"><strong><span style=\"font-size: small;\">Verre plat<\/span><\/strong><\/div>\n<div><\/div>\n<div>R\u00e9glage tr\u00e8s flexible pour un montage sur la cape de r\u00e9troviseur.<\/div>\n<div>\n<ul>\n<li>Une construction extr\u00eamement robuste avec 2 bandes caoutchou.<\/li>\n<\/ul>\n<\/div>\n<div>\n<ul>\n<li>Aussi pour les grands r\u00e9troviseurs.<\/li>\n<\/ul>\n<ul>\n<li>Avec une cape de r\u00e9troviseur r\u00e9glable dans le hauteur.<\/li>\n<\/ul>\n<\/div>\n<div>\n<ul>\n<li>Montage et d\u00e9montage ultra rapide.<\/li>\n<\/ul>\n<\/div>\n<div>\n<ul>\n<li>Sa construction sp\u00e9ciale donne une vue tr\u00e8s stabile.<\/li>\n<\/ul>\n<\/div>\n<div>\n<ul>\n<li>Vue excellente avec sa cape r\u00e9troviseur tournante.<\/li>\n<\/ul>\n<ul>\n<li>E-approuv\u00e9<\/li>\n<\/ul>\n<\/div>\n","protected":false},"excerpt":{"rendered":"<p>Big Frog (1295) Verre plat R\u00e9glage tr\u00e8s flexible pour un montage sur la cape de r\u00e9troviseur. Une construction extr\u00eamement robuste avec 2 bandes caoutchou. Aussi pour les grands r\u00e9troviseurs. Avec une cape de r\u00e9troviseur r\u00e9glable dans le hauteur. Montage et d\u00e9montage ultra rapide. Sa construction sp\u00e9ciale donne une vue tr\u00e8s stabile. Vue excellente avec sa [&hellip;]<\/p>\n","protected":false},"featured_media":220,"comment_status":"open","ping_status":"closed","template":"","meta":[],"product_brand":[],"product_cat":[82],"product_tag":[],"class_list":{"0":"post-789","1":"product","2":"type-product","3":"status-publish","4":"has-post-thumbnail","6":"product_cat-autres-retroviseurs-de-caravane","8":"first","9":"instock","10":"taxable","11":"shipping-taxable","12":"purchasable","13":"product-type-simple"},"_links":{"self":[{"href":"https:\/\/shop.repusel.com\/fr\/wp-json\/wp\/v2\/product\/789","targetHints":{"allow":["GET"]}}],"collection":[{"href":"https:\/\/shop.repusel.com\/fr\/wp-json\/wp\/v2\/product"}],"about":[{"href":"https:\/\/shop.repusel.com\/fr\/wp-json\/wp\/v2\/types\/product"}],"replies":[{"embeddable":true,"href":"https:\/\/shop.repusel.com\/fr\/wp-json\/wp\/v2\/comments?post=789"}],"wp:featuredmedia":[{"embeddable":true,"href":"https:\/\/shop.repusel.com\/fr\/wp-json\/wp\/v2\/media\/220"}],"wp:attachment":[{"href":"https:\/\/shop.repusel.com\/fr\/wp-json\/wp\/v2\/media?parent=789"}],"wp:term":[{"taxonomy":"product_brand","embeddable":true,"href":"https:\/\/shop.repusel.com\/fr\/wp-json\/wp\/v2\/product_brand?post=789"},{"taxonomy":"product_cat","embeddable":true,"href":"https:\/\/shop.repusel.com\/fr\/wp-json\/wp\/v2\/product_cat?post=789"},{"taxonomy":"product_tag","embeddable":true,"href":"https:\/\/shop.repusel.com\/fr\/wp-json\/wp\/v2\/product_tag?post=789"}],"curies":[{"name":"wp","href":"https:\/\/api.w.org\/{rel}","templated":true}]}}