{"id":792,"date":"2026-03-26T11:06:01","date_gmt":"2026-03-26T11:06:01","guid":{"rendered":"https:\/\/shop.repusel.com\/product\/1296-bari-vitre-plate\/"},"modified":"2026-03-26T11:06:01","modified_gmt":"2026-03-26T11:06:01","slug":"1296-bari-vitre-plate","status":"publish","type":"product","link":"https:\/\/shop.repusel.com\/fr\/produit\/1296-bari-vitre-plate\/","title":{"rendered":"1296 Bari, Vitre plate"},"content":{"rendered":"<p align=\"center\"><strong><span style=\"font-family: times new roman, times; font-size: medium;\">Bari (1296)<br \/>\n<\/span><\/strong><\/p>\n<div align=\"center\"><strong><span style=\"font-family: times new roman, times; font-size: medium;\">Verre plat<\/span><\/strong><\/div>\n<div align=\"center\"><span style=\"font-family: times new roman, times; font-size: medium;\"> <\/span><\/div>\n<p><span style=\"font-family: times new roman, times; font-size: medium;\">R\u00e9glage tr\u00e8s flexible pour un montage sur la cape de r\u00e9troviseur.<\/span><\/p>\n<ul>\n<li><span style=\"font-family: times new roman, times; font-size: medium;\">Une construction extr\u00eamement robust avec 2 bandes caoutchou (39cm).<br \/>\n<\/span><\/li>\n<\/ul>\n<ul>\n<li><span style=\"font-family: times new roman, times; font-size: medium;\">Sa construction sp\u00e9ciale donne une vue tr\u00e8s stabile.<\/span><\/li>\n<\/ul>\n<ul>\n<li><span style=\"font-family: times new roman, times; font-size: medium;\">Montage et d\u00e9montage ultra rapide.<\/span><\/li>\n<\/ul>\n<ul>\n<li><span style=\"font-family: times new roman, times; font-size: medium;\">Vue excellente avec sa cape r\u00e9troviseur tournante.<\/span><\/li>\n<\/ul>\n<ul>\n<li><span style=\"font-family: times new roman, times; font-size: medium;\">E-approuv\u00e9<\/span><\/li>\n<\/ul>\n","protected":false},"excerpt":{"rendered":"<p>Bari (1296) Verre plat R\u00e9glage tr\u00e8s flexible pour un montage sur la cape de r\u00e9troviseur. Une construction extr\u00eamement robust avec 2 bandes caoutchou (39cm). Sa construction sp\u00e9ciale donne une vue tr\u00e8s stabile. Montage et d\u00e9montage ultra rapide. Vue excellente avec sa cape r\u00e9troviseur tournante. E-approuv\u00e9<\/p>\n","protected":false},"featured_media":223,"comment_status":"open","ping_status":"closed","template":"","meta":[],"product_brand":[],"product_cat":[82],"product_tag":[],"class_list":{"0":"post-792","1":"product","2":"type-product","3":"status-publish","4":"has-post-thumbnail","6":"product_cat-autres-retroviseurs-de-caravane","8":"first","9":"instock","10":"taxable","11":"shipping-taxable","12":"purchasable","13":"product-type-simple"},"_links":{"self":[{"href":"https:\/\/shop.repusel.com\/fr\/wp-json\/wp\/v2\/product\/792","targetHints":{"allow":["GET"]}}],"collection":[{"href":"https:\/\/shop.repusel.com\/fr\/wp-json\/wp\/v2\/product"}],"about":[{"href":"https:\/\/shop.repusel.com\/fr\/wp-json\/wp\/v2\/types\/product"}],"replies":[{"embeddable":true,"href":"https:\/\/shop.repusel.com\/fr\/wp-json\/wp\/v2\/comments?post=792"}],"wp:featuredmedia":[{"embeddable":true,"href":"https:\/\/shop.repusel.com\/fr\/wp-json\/wp\/v2\/media\/223"}],"wp:attachment":[{"href":"https:\/\/shop.repusel.com\/fr\/wp-json\/wp\/v2\/media?parent=792"}],"wp:term":[{"taxonomy":"product_brand","embeddable":true,"href":"https:\/\/shop.repusel.com\/fr\/wp-json\/wp\/v2\/product_brand?post=792"},{"taxonomy":"product_cat","embeddable":true,"href":"https:\/\/shop.repusel.com\/fr\/wp-json\/wp\/v2\/product_cat?post=792"},{"taxonomy":"product_tag","embeddable":true,"href":"https:\/\/shop.repusel.com\/fr\/wp-json\/wp\/v2\/product_tag?post=792"}],"curies":[{"name":"wp","href":"https:\/\/api.w.org\/{rel}","templated":true}]}}