{"id":818,"date":"2026-03-23T22:24:37","date_gmt":"2026-03-23T22:24:37","guid":{"rendered":"https:\/\/shop.repusel.com\/product\/3001-alufor-glace-bombee-bras-petit\/"},"modified":"2026-04-21T13:04:02","modified_gmt":"2026-04-21T13:04:02","slug":"3001-alufor-glace-bombee-bras-petit","status":"publish","type":"product","link":"https:\/\/shop.repusel.com\/fr\/produit\/3001-alufor-glace-bombee-bras-petit\/","title":{"rendered":"3001 Alufor, glace bomb\u00e9e, bras petit"},"content":{"rendered":"<p style=\"font-weight: 400;\">R\u00c9TROVISEUR DE CARAVANE REPUSEL<\/p>\n<p style=\"font-weight: 400;\">TYPE ALUFOR (3001)<\/p>\n<p style=\"font-weight: 400;\">VERRE CONVEXE<\/p>\n<p style=\"font-weight: 400;\">BRAS COURT (ALUMINIUM)<\/p>\n<p style=\"font-weight: 400;\">Tr\u00e8s appropri\u00e9 pour caravanes PAS plus larges que 2,30 m.<\/p>\n<p style=\"font-weight: 400;\">BREVET\u00c9 &#8211; CONCEPTION R\u00c9GLEMENTAIRE <\/p>\n<p style=\"font-weight: 400;\">Vendu par paire<\/p>\n<p style=\"font-weight: 400;\">100% fabriqu\u00e9 aux Pays-Bas<\/p>\n<p style=\"font-weight: 400;\"><strong>Adapt\u00e9 \u00e0 99 % des r\u00e9troviseurs automobiles !<\/strong><\/p>\n<p style=\"font-weight: 400;\">L\u2019ALUFOR est la toute derni\u00e8re g\u00e9n\u00e9ration de r\u00e9troviseurs caravane de REPUSEL. Un design moderne alli\u00e9 \u00e0 une conception intelligente font des r\u00e9troviseurs Repusel un choix absolument gagnant !  <\/p>\n<p><br style=\"font-weight: 400;\"><span style=\"font-weight: 400;\">Votre voiture a-t-elle un cache de r\u00e9troviseur inclin\u00e9 ? Une forme extr\u00eamement arrondie \u00e0 l\u2019arri\u00e8re ? Des r\u00e9troviseurs tr\u00e8s larges ? Ou bien avez-vous une caravane tr\u00e8s large ? <\/span><\/p>\n<p style=\"font-weight: 400;\">Les r\u00e9troviseurs Repusel s\u2019adaptent \u00e0 tout ! Leur syst\u00e8me de montage s\u2019ajuste de mani\u00e8re optimale \u00e0 99 % des r\u00e9troviseurs automobiles. <\/p>\n<p style=\"font-weight: 400;\">Ce nouveau produit offre au caravanier :<\/p>\n<p style=\"font-weight: 400;\">* Une conduite en toute s\u00e9curit\u00e9 avec une caravane ou une remorque.<\/p>\n<p style=\"font-weight: 400;\">* Un champ de vision optimal vers l\u2019arri\u00e8re.<\/p>\n<p style=\"font-weight: 400;\">* Une exp\u00e9rience de conduite confortable et presque sans vibration.<\/p>\n<p style=\"font-weight: 400;\">* Une qualit\u00e9 Repusel in\u00e9gal\u00e9e dans un design moderne.<\/p>\n<p style=\"font-weight: 400;\">* Une facilit\u00e9 d\u2019utilisation sans pr\u00e9c\u00e9dent.<\/p>\n<p style=\"font-weight: 400;\">* Un montage simple en seulement 3 \u00e9tapes.<\/p>\n<p>Le r\u00e9troviseur caravane Repusel est enti\u00e8rement adapt\u00e9 aux nouveaux types de r\u00e9troviseurs automobiles. Une GAINE ANTI-GLISSANTE garantit que le syst\u00e8me de miroir, combin\u00e9 au Multi-glisseur, reste en place m\u00eame sur les surfaces les plus difficiles, y compris lorsque le r\u00e9troviseur est inclin\u00e9.  <\/p>\n<p>Inclus : des bandes de 36 cm avec des crochets puissants \u2013 adapt\u00e9es m\u00eame aux tr\u00e8s grands r\u00e9troviseurs ext\u00e9rieurs.<\/p>\n<p>Vos r\u00e9troviseurs sont-ils r\u00e9glables \u00e9lectriquement ? Aucun probl\u00e8me, car avec les r\u00e9troviseurs caravane Repusel, vos r\u00e9troviseurs restent faciles \u00e0 r\u00e9gler. <br \/>Vos r\u00e9troviseurs se replient-ils automatiquement en position de stationnement ? Aucun souci pour les r\u00e9troviseurs Repusel, car des coussinets de protection sont d\u00e9sormais int\u00e9gr\u00e9s dans les bords des miroirs. <\/p>\n<p>Montage ultra-solide et quasi sans vibration<br \/>Avec le MULTI-GLISSEUR : une ventouse coulissante puissante assure que la bande est fix\u00e9e solidement au r\u00e9troviseur ext\u00e9rieur. Le Multi-glisseur peut \u00eatre positionn\u00e9 m\u00eame aux endroits les plus critiques. Plusieurs Multi-glisseurs peuvent \u00eatre utilis\u00e9s si n\u00e9cessaire.<\/p>\n<p><strong>Ne rayera pas la peinture<\/strong><\/p>\n<p>Le Multi-glisseur et la gaine anti-glissante prot\u00e8gent la peinture de tout dommage.<\/p>\n<p><strong>Durable<\/strong><\/p>\n<p>Gr\u00e2ce aux glaces interchangeables et aux pi\u00e8ces facilement rempla\u00e7ables, ce produit est con\u00e7u pour durer. Toutes les pi\u00e8ces sont disponibles s\u00e9par\u00e9ment !<\/p>\n<p><strong>Montage rapide et facile<\/strong><\/p>\n<ol>\n<li>Le syst\u00e8me de fixation se r\u00e8gle une seule fois avant la premi\u00e8re utilisation. <\/li>\n<li>Ensuite, vous pouvez monter les miroirs rapidement en seulement 3 \u00e9tapes.<\/li>\n<li>Liste des v\u00e9hicules compatibles<\/li>\n<\/ol>\n<p style=\"font-weight: 400;\"><strong>Le syst\u00e8me de montage peut \u00eatre install\u00e9 sur presque tous les r\u00e9troviseurs ext\u00e9rieurs.<\/strong><\/p>\n<p style=\"font-weight: 400;\">Il n\u2019est pas adapt\u00e9 aux voitures anciennes, aux v\u00e9hicules \u00e9quip\u00e9s de cam\u00e9ras \u00e0 la place des miroirs classiques et aux r\u00e9troviseurs dits \u00ab sans cadre \u00bb. <\/p>\n<h3>D\u00e9tails techniques:<\/h3>\n<table width=\"370\">\n<tbody>\n<tr>\n<td>Types de verre:<\/td>\n<td>Verre bomb\u00e9e<\/td>\n<\/tr>\n<tr>\n<td><\/td>\n<td>Anti aveuglement:Non<\/td>\n<\/tr>\n<tr>\n<td><\/td>\n<td>Longueur de bras: <\/td>\n<p>33cm.<br \/>\n<\/tr>\n<tr>\n<td>Mat\u00e9riau: <\/td>\n<td>Une bande r\u00e9sistante en mati\u00e8re synth\u00e9tique et bras en aluminium<\/td>\n<\/tr>\n<tr>\n<td>Contenu:<\/td>\n<td>La pair<\/td>\n<\/tr>\n<\/tbody>\n<\/table>\n","protected":false},"excerpt":{"rendered":"<p>S&rsquo;adapte \u00e0 99% des r\u00e9troviseurs d&rsquo;auto. Avec bras en aluminium.<\/p>\n","protected":false},"featured_media":799,"comment_status":"open","ping_status":"closed","template":"","meta":[],"product_brand":[],"product_cat":[78],"product_tag":[],"class_list":{"0":"post-818","1":"product","2":"type-product","3":"status-publish","4":"has-post-thumbnail","6":"product_cat-alufor","8":"first","9":"instock","10":"featured","11":"taxable","12":"shipping-taxable","13":"purchasable","14":"product-type-simple"},"_links":{"self":[{"href":"https:\/\/shop.repusel.com\/fr\/wp-json\/wp\/v2\/product\/818","targetHints":{"allow":["GET"]}}],"collection":[{"href":"https:\/\/shop.repusel.com\/fr\/wp-json\/wp\/v2\/product"}],"about":[{"href":"https:\/\/shop.repusel.com\/fr\/wp-json\/wp\/v2\/types\/product"}],"replies":[{"embeddable":true,"href":"https:\/\/shop.repusel.com\/fr\/wp-json\/wp\/v2\/comments?post=818"}],"wp:featuredmedia":[{"embeddable":true,"href":"https:\/\/shop.repusel.com\/fr\/wp-json\/wp\/v2\/media\/799"}],"wp:attachment":[{"href":"https:\/\/shop.repusel.com\/fr\/wp-json\/wp\/v2\/media?parent=818"}],"wp:term":[{"taxonomy":"product_brand","embeddable":true,"href":"https:\/\/shop.repusel.com\/fr\/wp-json\/wp\/v2\/product_brand?post=818"},{"taxonomy":"product_cat","embeddable":true,"href":"https:\/\/shop.repusel.com\/fr\/wp-json\/wp\/v2\/product_cat?post=818"},{"taxonomy":"product_tag","embeddable":true,"href":"https:\/\/shop.repusel.com\/fr\/wp-json\/wp\/v2\/product_tag?post=818"}],"curies":[{"name":"wp","href":"https:\/\/api.w.org\/{rel}","templated":true}]}}