{"id":822,"date":"2026-03-23T22:24:37","date_gmt":"2026-03-23T22:24:37","guid":{"rendered":"https:\/\/shop.repusel.com\/product\/3005-luxmax-glace-bombee-bras-petit-inox\/"},"modified":"2026-03-23T22:24:37","modified_gmt":"2026-03-23T22:24:37","slug":"3005-luxmax-glace-bombee-bras-petit-inox","status":"publish","type":"product","link":"https:\/\/shop.repusel.com\/fr\/produit\/3005-luxmax-glace-bombee-bras-petit-inox\/","title":{"rendered":"3005 Luxmax, glace bomb\u00e9e, bras petit, INOX"},"content":{"rendered":"<p style=\"font-weight: 400;\">R\u00c9TROVISEUR DE CARAVANE REPUSEL<\/p>\n<p style=\"font-weight: 400;\">TYPE LUXMAX (3005)<\/p>\n<p style=\"font-weight: 400;\">VERRE CONVEXE (TEINT\u00c9E, ANTI-AVEUGLEMENT)<\/p>\n<p style=\"font-weight: 400;\">BRAS COURT (EN INOX)<\/p>\n<p style=\"font-weight: 400;\">Tr\u00e8s appropri\u00e9 pour caravanes PAS plus larges que 2,30 m.<\/p>\n<p style=\"font-weight: 400;\">BREVET\u00c9 &#8211; CONCEPTION R\u00c9GLEMENTAIRE <\/p>\n<p style=\"font-weight: 400;\">Vendu par paire<\/p>\n<p style=\"font-weight: 400;\">100% fabriqu\u00e9 aux Pays-Bas<\/p>\n<p style=\"font-weight: 400;\"><strong>Adapt\u00e9 \u00e0 99 % des r\u00e9troviseurs automobiles !<\/strong><\/p>\n<p style=\"font-weight: 400;\">Le LUXMAX est la toute derni\u00e8re g\u00e9n\u00e9ration de r\u00e9troviseurs caravane de REPUSEL. Un design moderne alli\u00e9 \u00e0 une conception intelligente font des r\u00e9troviseurs Repusel un choix absolument gagnant !  <\/p>\n<p><br style=\"font-weight: 400;\"><span style=\"font-weight: 400;\">Votre voiture a-t-elle un cache de r\u00e9troviseur inclin\u00e9 ? Une forme extr\u00eamement arrondie \u00e0 l\u2019arri\u00e8re ? Des r\u00e9troviseurs tr\u00e8s larges ? Ou bien avez-vous une caravane tr\u00e8s large ? <\/span><\/p>\n<p style=\"font-weight: 400;\">Les r\u00e9troviseurs Repusel s\u2019adaptent \u00e0 tout ! Leur syst\u00e8me de montage s\u2019ajuste de mani\u00e8re optimale \u00e0 99 % des r\u00e9troviseurs automobiles. <\/p>\n<p style=\"font-weight: 400;\">Ce nouveau produit offre au caravanier :<\/p>\n<p style=\"font-weight: 400;\">* Une conduite en toute s\u00e9curit\u00e9 avec une caravane ou une remorque.<\/p>\n<p style=\"font-weight: 400;\">* Un champ de vision optimal vers l\u2019arri\u00e8re.<\/p>\n<p style=\"font-weight: 400;\">* Une exp\u00e9rience de conduite confortable et presque sans vibration.<\/p>\n<p style=\"font-weight: 400;\">* Une qualit\u00e9 Repusel in\u00e9gal\u00e9e dans un design moderne.<\/p>\n<p style=\"font-weight: 400;\">* Une facilit\u00e9 d\u2019utilisation sans pr\u00e9c\u00e9dent.<\/p>\n<p style=\"font-weight: 400;\">* Un montage simple en seulement 3 \u00e9tapes.<\/p>\n<p>Le r\u00e9troviseur caravane Repusel est enti\u00e8rement adapt\u00e9 aux nouveaux types de r\u00e9troviseurs automobiles. Une GAINE ANTI-GLISSANTE garantit que le syst\u00e8me de miroir, combin\u00e9 au Multi-glisseur, reste en place m\u00eame sur les surfaces les plus difficiles, y compris lorsque le r\u00e9troviseur est inclin\u00e9.  <\/p>\n<p>Inclus : des bandes de 36 cm avec des crochets puissants \u2013 adapt\u00e9es m\u00eame aux tr\u00e8s grands r\u00e9troviseurs ext\u00e9rieurs.<\/p>\n<p>Vos r\u00e9troviseurs sont-ils r\u00e9glables \u00e9lectriquement ? Aucun probl\u00e8me, car avec les r\u00e9troviseurs caravane Repusel, vos r\u00e9troviseurs restent faciles \u00e0 r\u00e9gler. <\/p>\n<p>Vos r\u00e9troviseurs se replient-ils automatiquement en position de stationnement ? Aucun souci pour les r\u00e9troviseurs Repusel, car des coussinets de protection sont d\u00e9sormais int\u00e9gr\u00e9s dans les bords des miroirs.<\/p>\n<p><strong>Montage ultra-solide et quasi sans vibration<\/strong><\/p>\n<p>Avec le MULTI-GLISSEUR : une ventouse coulissante puissante assure que la bande est fix\u00e9e solidement au r\u00e9troviseur ext\u00e9rieur. Le Multi-glisseur peut \u00eatre positionn\u00e9 m\u00eame aux endroits les plus critiques. Plusieurs Multi-glisseurs peuvent \u00eatre utilis\u00e9s si n\u00e9cessaire.<\/p>\n<p><strong>Ne rayera pas la peinture<br \/><\/strong><\/p>\n<p>Le Multi-glisseur et la gaine anti-glissante prot\u00e8gent la peinture de tout dommage.<\/p>\n<p><strong>Durable<\/strong><\/p>\n<ol>\n<li>Gr\u00e2ce aux glaces interchangeables et aux pi\u00e8ces facilement rempla\u00e7ables, ce produit est con\u00e7u pour durer. Toutes les pi\u00e8ces sont disponibles s\u00e9par\u00e9ment ! <\/li>\n<li>Montage rapide et facile<\/li>\n<li>Le syst\u00e8me de fixation se r\u00e8gle une seule fois avant la premi\u00e8re utilisation. Ensuite, vous pouvez monter les miroirs rapidement en seulement 3 \u00e9tapes.<\/li>\n<\/ol>\n<p style=\"font-weight: 400;\"><strong>Liste des v\u00e9hicules compatibles<\/strong><\/p>\n<p style=\"font-weight: 400;\">Le syst\u00e8me de montage peut \u00eatre install\u00e9 sur presque tous les r\u00e9troviseurs ext\u00e9rieurs. Il n\u2019est pas adapt\u00e9 aux voitures anciennes, aux v\u00e9hicules \u00e9quip\u00e9s de cam\u00e9ras \u00e0 la place des miroirs classiques et aux r\u00e9troviseurs dits \u00ab sans cadre \u00bb. <\/p>\n<h3>D\u00e9tails techniques:<\/h3>\n<table width=\"370\">\n<tbody>\n<tr>\n<td><\/td>\n<td>Types de verre:<br \/>\nVerre bomb\u00e9e<\/td>\n<\/tr>\n<tr>\n<td><\/td>\n<td>Anti aveuglement:<br \/>\nOui<\/td>\n<\/tr>\n<tr>\n<td><\/td>\n<td>Longueur de bras:<br \/>\n33cm.<\/td>\n<\/tr>\n<tr>\n<td><\/td>\n<td>Mat\u00e9riau:<\/td>\n<p>Une bande r\u00e9sistante en mati\u00e8re synth\u00e9tique et bras en inox<br \/>\n<\/tr>\n<tr>\n<td>Contenu<\/td>\n<p>:<\/p>\n<td>La paire<\/td>\n<\/tr>\n<\/tbody>\n<\/table>\n","protected":false},"excerpt":{"rendered":"<p>S&rsquo;adapte \u00e0 99% des r\u00e9troviseurs d&rsquo;auto. Avec bras inox et des glaces anti aveuglement.<\/p>\n","protected":false},"featured_media":799,"comment_status":"open","ping_status":"closed","template":"","meta":[],"product_brand":[],"product_cat":[79],"product_tag":[],"class_list":{"0":"post-822","1":"product","2":"type-product","3":"status-publish","4":"has-post-thumbnail","6":"product_cat-luxmax","8":"first","9":"instock","10":"taxable","11":"shipping-taxable","12":"purchasable","13":"product-type-simple"},"_links":{"self":[{"href":"https:\/\/shop.repusel.com\/fr\/wp-json\/wp\/v2\/product\/822","targetHints":{"allow":["GET"]}}],"collection":[{"href":"https:\/\/shop.repusel.com\/fr\/wp-json\/wp\/v2\/product"}],"about":[{"href":"https:\/\/shop.repusel.com\/fr\/wp-json\/wp\/v2\/types\/product"}],"replies":[{"embeddable":true,"href":"https:\/\/shop.repusel.com\/fr\/wp-json\/wp\/v2\/comments?post=822"}],"wp:featuredmedia":[{"embeddable":true,"href":"https:\/\/shop.repusel.com\/fr\/wp-json\/wp\/v2\/media\/799"}],"wp:attachment":[{"href":"https:\/\/shop.repusel.com\/fr\/wp-json\/wp\/v2\/media?parent=822"}],"wp:term":[{"taxonomy":"product_brand","embeddable":true,"href":"https:\/\/shop.repusel.com\/fr\/wp-json\/wp\/v2\/product_brand?post=822"},{"taxonomy":"product_cat","embeddable":true,"href":"https:\/\/shop.repusel.com\/fr\/wp-json\/wp\/v2\/product_cat?post=822"},{"taxonomy":"product_tag","embeddable":true,"href":"https:\/\/shop.repusel.com\/fr\/wp-json\/wp\/v2\/product_tag?post=822"}],"curies":[{"name":"wp","href":"https:\/\/api.w.org\/{rel}","templated":true}]}}