{"id":835,"date":"2026-04-22T11:52:02","date_gmt":"2026-04-22T11:52:02","guid":{"rendered":"https:\/\/shop.repusel.com\/product\/1298-bande-de-caoutchouc\/"},"modified":"2026-04-22T11:52:02","modified_gmt":"2026-04-22T11:52:02","slug":"1298-bande-de-caoutchouc","status":"publish","type":"product","link":"https:\/\/shop.repusel.com\/fr\/produit\/1298-bande-de-caoutchouc\/","title":{"rendered":"1298 Bande de caoutchouc"},"content":{"rendered":"<p>Bande caoutchouc universel pour r\u00e9troviseur de caravane.<\/p>\n<p>S&rsquo;adapte aux r\u00e9troviseurs Repusel Bari, Big Frog, Top Mirror, Krok One Plus, Alaska et plus d&rsquo;autre r\u00e9troviseurs avec bande caoutchouc!<\/p>\n<p>Dimensions: 39 x 2,1 cm.<\/p>\n","protected":false},"excerpt":{"rendered":"<p>Bande caoutchouc universel pour r\u00e9troviseur de caravane. S&rsquo;adapte aux r\u00e9troviseurs Repusel Bari, Big Frog, Top Mirror, Krok One Plus, Alaska et plus d&rsquo;autre r\u00e9troviseurs avec bande caoutchouc! Dimensions: 39 x 2,1 cm.<\/p>\n","protected":false},"featured_media":832,"comment_status":"open","ping_status":"closed","template":"","meta":[],"product_brand":[],"product_cat":[76],"product_tag":[],"class_list":{"0":"post-835","1":"product","2":"type-product","3":"status-publish","4":"has-post-thumbnail","6":"product_cat-pieces-de-rechange-autre-retroviseurs","8":"first","9":"instock","10":"taxable","11":"shipping-taxable","12":"purchasable","13":"product-type-simple"},"_links":{"self":[{"href":"https:\/\/shop.repusel.com\/fr\/wp-json\/wp\/v2\/product\/835","targetHints":{"allow":["GET"]}}],"collection":[{"href":"https:\/\/shop.repusel.com\/fr\/wp-json\/wp\/v2\/product"}],"about":[{"href":"https:\/\/shop.repusel.com\/fr\/wp-json\/wp\/v2\/types\/product"}],"replies":[{"embeddable":true,"href":"https:\/\/shop.repusel.com\/fr\/wp-json\/wp\/v2\/comments?post=835"}],"wp:featuredmedia":[{"embeddable":true,"href":"https:\/\/shop.repusel.com\/fr\/wp-json\/wp\/v2\/media\/832"}],"wp:attachment":[{"href":"https:\/\/shop.repusel.com\/fr\/wp-json\/wp\/v2\/media?parent=835"}],"wp:term":[{"taxonomy":"product_brand","embeddable":true,"href":"https:\/\/shop.repusel.com\/fr\/wp-json\/wp\/v2\/product_brand?post=835"},{"taxonomy":"product_cat","embeddable":true,"href":"https:\/\/shop.repusel.com\/fr\/wp-json\/wp\/v2\/product_cat?post=835"},{"taxonomy":"product_tag","embeddable":true,"href":"https:\/\/shop.repusel.com\/fr\/wp-json\/wp\/v2\/product_tag?post=835"}],"curies":[{"name":"wp","href":"https:\/\/api.w.org\/{rel}","templated":true}]}}