{"id":907,"date":"2026-04-30T09:50:53","date_gmt":"2026-04-30T09:50:53","guid":{"rendered":"https:\/\/shop.repusel.com\/product\/2483-cape-retroviseur-pour-special-mirror-deluxe-vitre-plane-teintee-bleue\/"},"modified":"2026-04-30T09:50:53","modified_gmt":"2026-04-30T09:50:53","slug":"2483-cape-retroviseur-pour-special-mirror-deluxe-vitre-plane-teintee-bleue","status":"publish","type":"product","link":"https:\/\/shop.repusel.com\/fr\/produit\/2483-cape-retroviseur-pour-special-mirror-deluxe-vitre-plane-teintee-bleue\/","title":{"rendered":"2483 Cape r\u00e9troviseur pour Special Mirror Deluxe, Vitre plane, teint\u00e9e, bleue."},"content":{"rendered":"<p>Cape r\u00e9troviseur pour Special Mirror Deluxe<\/p>\n<p>avec vitre plane, teint\u00e9e, bleue.<\/p>\n<p>Pour bras de diem. 16 mm. <\/p>\n","protected":false},"excerpt":{"rendered":"<p>Cape r\u00e9troviseur pour Special Mirror Deluxe avec vitre plane, teint\u00e9e, bleue. Pour bras de diem. 16 mm.<\/p>\n","protected":false},"featured_media":885,"comment_status":"open","ping_status":"closed","template":"","meta":[],"product_brand":[],"product_cat":[93],"product_tag":[],"class_list":{"0":"post-907","1":"product","2":"type-product","3":"status-publish","4":"has-post-thumbnail","6":"product_cat-pieces-de-rechange-ancien-modeles","8":"first","9":"instock","10":"taxable","11":"shipping-taxable","12":"purchasable","13":"product-type-simple"},"_links":{"self":[{"href":"https:\/\/shop.repusel.com\/fr\/wp-json\/wp\/v2\/product\/907","targetHints":{"allow":["GET"]}}],"collection":[{"href":"https:\/\/shop.repusel.com\/fr\/wp-json\/wp\/v2\/product"}],"about":[{"href":"https:\/\/shop.repusel.com\/fr\/wp-json\/wp\/v2\/types\/product"}],"replies":[{"embeddable":true,"href":"https:\/\/shop.repusel.com\/fr\/wp-json\/wp\/v2\/comments?post=907"}],"wp:featuredmedia":[{"embeddable":true,"href":"https:\/\/shop.repusel.com\/fr\/wp-json\/wp\/v2\/media\/885"}],"wp:attachment":[{"href":"https:\/\/shop.repusel.com\/fr\/wp-json\/wp\/v2\/media?parent=907"}],"wp:term":[{"taxonomy":"product_brand","embeddable":true,"href":"https:\/\/shop.repusel.com\/fr\/wp-json\/wp\/v2\/product_brand?post=907"},{"taxonomy":"product_cat","embeddable":true,"href":"https:\/\/shop.repusel.com\/fr\/wp-json\/wp\/v2\/product_cat?post=907"},{"taxonomy":"product_tag","embeddable":true,"href":"https:\/\/shop.repusel.com\/fr\/wp-json\/wp\/v2\/product_tag?post=907"}],"curies":[{"name":"wp","href":"https:\/\/api.w.org\/{rel}","templated":true}]}}