{"id":920,"date":"2026-04-16T13:55:12","date_gmt":"2026-04-16T13:55:12","guid":{"rendered":"https:\/\/shop.repusel.com\/product\/3043-upgrade-kit\/"},"modified":"2026-04-30T10:41:08","modified_gmt":"2026-04-30T10:41:08","slug":"3043-upgrade-kit","status":"publish","type":"product","link":"https:\/\/shop.repusel.com\/fr\/produit\/3043-upgrade-kit\/","title":{"rendered":"3043 Upgrade kit"},"content":{"rendered":"<p><strong><em>Modernisez votre r\u00e9troviseur de caravane Repusel!<\/em><\/strong><\/p>\n<p>Le \u00b4upgrade kit\u00b4 mise le Special Mirror ou un autre r\u00e9troviseur de caravane avec un bras et cape r\u00e9troviseur encore en bonne condition (diem. 16 mm) \u00e0 jour.<\/p>\n<p>Le upgrade kit consiste de 2 x set montage compl\u00e8te (exclusive bras et cape r\u00e9troviseur).<\/p>\n<ul>\n<li>S\u2019adapte \u00e0 99% des r\u00e9troviseurs d\u2019auto.<\/li>\n<li>M\u00eame sur les r\u00e9troviseurs tr\u00e8s bomb\u00e9es ou grande<\/li>\n<li>Conception robuste<\/li>\n<li>Avec les ventouses de r\u00e9glage pour une fixation solide<\/li>\n<li>Evite l\u2019endommagement de la peinture<\/li>\n<li>Avec une housse pour le protection du r\u00e9troviseur<\/li>\n<\/ul>\n<h3><strong>D\u00e9tails techniques:<\/strong><\/h3>\n<table border=\"0\" width=\"404\" cellspacing=\"2\" cellpadding=\"2\">\n<tbody>\n<tr>\n<td><span style=\"font-size: small;\">Inclus:<\/span><\/td>\n<td><span style=\"font-size: small;\">2 x set montage compl\u00e8te<\/span><\/td>\n<\/tr>\n<tr>\n<td><span style=\"font-size: small;\">Mat\u00e9riau:<\/span><\/td>\n<td><span style=\"font-size: small;\">Une bande r\u00e9sistante en mati\u00e8re synth\u00e9tique<\/span><\/td>\n<\/tr>\n<\/tbody>\n<\/table>\n","protected":false},"excerpt":{"rendered":"<p>Modernisez votre r\u00e9troviseur de caravane Repusel! Le \u00b4upgrade kit\u00b4 mise le Special Mirror ou un autre r\u00e9troviseur de caravane avec un bras et cape r\u00e9troviseur encore en bonne condition (diem. 16 mm) \u00e0 jour. Le upgrade kit consiste de 2 x set montage compl\u00e8te (exclusive bras et cape r\u00e9troviseur). S\u2019adapte \u00e0 99% des r\u00e9troviseurs d\u2019auto. [&hellip;]<\/p>\n","protected":false},"featured_media":775,"comment_status":"open","ping_status":"closed","template":"","meta":[],"product_brand":[],"product_cat":[93,75],"product_tag":[],"class_list":{"0":"post-920","1":"product","2":"type-product","3":"status-publish","4":"has-post-thumbnail","6":"product_cat-pieces-de-rechange-ancien-modeles","7":"product_cat-pieces-detachees-alufor-et-luxmax","9":"first","10":"instock","11":"taxable","12":"shipping-taxable","13":"purchasable","14":"product-type-simple"},"_links":{"self":[{"href":"https:\/\/shop.repusel.com\/fr\/wp-json\/wp\/v2\/product\/920","targetHints":{"allow":["GET"]}}],"collection":[{"href":"https:\/\/shop.repusel.com\/fr\/wp-json\/wp\/v2\/product"}],"about":[{"href":"https:\/\/shop.repusel.com\/fr\/wp-json\/wp\/v2\/types\/product"}],"replies":[{"embeddable":true,"href":"https:\/\/shop.repusel.com\/fr\/wp-json\/wp\/v2\/comments?post=920"}],"wp:featuredmedia":[{"embeddable":true,"href":"https:\/\/shop.repusel.com\/fr\/wp-json\/wp\/v2\/media\/775"}],"wp:attachment":[{"href":"https:\/\/shop.repusel.com\/fr\/wp-json\/wp\/v2\/media?parent=920"}],"wp:term":[{"taxonomy":"product_brand","embeddable":true,"href":"https:\/\/shop.repusel.com\/fr\/wp-json\/wp\/v2\/product_brand?post=920"},{"taxonomy":"product_cat","embeddable":true,"href":"https:\/\/shop.repusel.com\/fr\/wp-json\/wp\/v2\/product_cat?post=920"},{"taxonomy":"product_tag","embeddable":true,"href":"https:\/\/shop.repusel.com\/fr\/wp-json\/wp\/v2\/product_tag?post=920"}],"curies":[{"name":"wp","href":"https:\/\/api.w.org\/{rel}","templated":true}]}}