{"id":955,"date":"2026-04-30T14:14:46","date_gmt":"2026-04-30T14:14:46","guid":{"rendered":"https:\/\/shop.repusel.com\/?post_type=product&#038;p=955"},"modified":"2026-04-30T14:19:25","modified_gmt":"2026-04-30T14:19:25","slug":"3002v-repusel-retroviseurs-transport-exceptionnel-glace-plat-copy","status":"publish","type":"product","link":"https:\/\/shop.repusel.com\/fr\/produit\/3002v-repusel-retroviseurs-transport-exceptionnel-glace-plat-copy\/","title":{"rendered":"3003V REPUSEL R\u00e9troviseurs transport exceptionnel, glace bomb\u00e9e"},"content":{"rendered":"<p style=\"font-weight: 400;\">Vous en avez marre des amendes ?<\/p>\n<p style=\"font-weight: 400;\">D\u00e9barrassez-vous de cet angle mort sur les camions de transport lourd<\/p>\n<p style=\"font-weight: 400;\">La vue est-elle obstru\u00e9e par une charge trop large ?<\/p>\n<p style=\"font-weight: 400;\">REPUSEL r\u00e9pond au besoin des conducteurs d&rsquo;am\u00e9liorer la visibilit\u00e9 arri\u00e8re pendant la conduite et les man\u0153uvres. La s\u00e9curit\u00e9 avant tout ! <\/p>\n<p style=\"font-weight: 400;\">Et une amende est sauv\u00e9e&#8230;<\/p>\n<p style=\"font-weight: 400;\">Le syst\u00e8me de r\u00e9troviseurs flexible REPUSEL Alufor peut \u00eatre mont\u00e9 temporairement sur un grand r\u00e9troviseur de camion (SCANIA, DAF, VOLVO, MAN, etc.) et permet aux r\u00e9troviseurs de s&rsquo;\u00e9tendre davantage.<\/p>\n<p style=\"font-weight: 400;\">Le syst\u00e8me de r\u00e9troviseurs convient \u00e0 presque tous les camions \u00e9quip\u00e9s de r\u00e9troviseurs ext\u00e9rieurs.<\/p>\n<ul>\n<li>Avec 44 cm bras longs pour une vision optimale \u00e0 transport sp\u00e9cial.<\/li>\n<li>Excellente visibilit\u00e9 gr\u00e2ce \u00e0 r\u00e9troviseurs enti\u00e8rement r\u00e9glable et bras extensible.<\/li>\n<li>S\u2019adapte \u00e0 99 % de tous les r\u00e9troviseurs ext\u00e9rieurs.<\/li>\n<li>R\u00e9glage unique, y compris la bande \u00e9tendue pour r\u00e9troviseurs de camion extra-larges.<\/li>\n<li>Montage rapide en 3 \u00e9tapes.<\/li>\n<\/ul>\n<p>&#8212;&#8212;&#8212;&#8212;&#8212;&#8212;&#8212;&#8212;&#8212;&#8212;&#8212;&#8212;&#8212;&#8212;&#8212;&#8212;- <\/p>\n<p><strong>Un confort de conduite in\u00e9gal\u00e9<\/strong><\/p>\n<p>Les r\u00e9troviseurs modernes Repusel sont enti\u00e8rement adapt\u00e9 aux r\u00e9trroviseurs d\u2019ext\u00e9rieur d\u2019aujourd\u2019hui.<\/p>\n<p>Un COUVERCLE ANTID\u00c9RAPANT garantit que le syst\u00e8me de r\u00e9trovisiers en combinaison avec le multi-ventouse ne glisse pas sur les surfaces les plus difficiles m\u00eame si la r\u00e9troviseurs ext\u00e9rieure est inclin\u00e9e.<\/p>\n<p>Vos r\u00e9troviseurs sont-ils r\u00e9glables \u00e9lectriquement ?<\/p>\n<p>Pas de probl\u00e8me, car avec les r\u00e9troviseurs Repusel vos r\u00e9troviseurs ext\u00e9rieurs sont toujours faciles \u00e0 r\u00e9gler.<\/p>\n<p><strong>Visibilit\u00e9 optimale<\/strong><\/p>\n<p>Une coque de r\u00e9troviseur avec glace convexe qui s\u2019\u00e9tend sur tous les c\u00f4t\u00e9s est r\u00e9glable, assure une visibilit\u00e9 optimale et une angle mort minimal.<\/p>\n<p><strong>Avec protection de la peinture<\/strong><\/p>\n<p>Le Multislider et le couvercle antid\u00e9rapant prennent soin que la peinture n\u2019est pas endommag\u00e9e.<\/p>\n<p><strong>Haute qualit\u00e9<\/strong><\/p>\n<p>Des bandes de plastique durables et les meilleurs mat\u00e9riaux garantissent une longue dur\u00e9e de vie.<\/p>\n<p>Toutes les pi\u00e8ces sont vendues s\u00e9par\u00e9ment.<\/p>\n<p style=\"font-weight: 400;\">S\u2019il vous pla\u00eet noter ! Ce syst\u00e8me ne convient qu\u2019\u00e0 une utilisation sur des coques de r\u00e9troviseurs dont le verre est r\u00e9glable. <\/p>\n<p>Faites un test et voyez si cela aide votre flotte de camions.<\/p>\n","protected":false},"excerpt":{"rendered":"<p>Vous en avez marre des amendes ? D\u00e9barrassez-vous de cet angle mort sur les camions de transport lourd La vue est-elle obstru\u00e9e par une charge trop large ? REPUSEL r\u00e9pond au besoin des conducteurs d&rsquo;am\u00e9liorer la visibilit\u00e9 arri\u00e8re pendant la conduite et les man\u0153uvres. La s\u00e9curit\u00e9 avant tout ! Et une amende est sauv\u00e9e&#8230; Le [&hellip;]<\/p>\n","protected":false},"featured_media":947,"comment_status":"open","ping_status":"closed","template":"","meta":[],"product_brand":[],"product_cat":[81],"product_tag":[],"class_list":{"0":"post-955","1":"product","2":"type-product","3":"status-publish","4":"has-post-thumbnail","6":"product_cat-retroviseurs-pour-transport-exceptionnel","8":"first","9":"instock","10":"taxable","11":"shipping-taxable","12":"purchasable","13":"product-type-simple"},"_links":{"self":[{"href":"https:\/\/shop.repusel.com\/fr\/wp-json\/wp\/v2\/product\/955","targetHints":{"allow":["GET"]}}],"collection":[{"href":"https:\/\/shop.repusel.com\/fr\/wp-json\/wp\/v2\/product"}],"about":[{"href":"https:\/\/shop.repusel.com\/fr\/wp-json\/wp\/v2\/types\/product"}],"replies":[{"embeddable":true,"href":"https:\/\/shop.repusel.com\/fr\/wp-json\/wp\/v2\/comments?post=955"}],"wp:featuredmedia":[{"embeddable":true,"href":"https:\/\/shop.repusel.com\/fr\/wp-json\/wp\/v2\/media\/947"}],"wp:attachment":[{"href":"https:\/\/shop.repusel.com\/fr\/wp-json\/wp\/v2\/media?parent=955"}],"wp:term":[{"taxonomy":"product_brand","embeddable":true,"href":"https:\/\/shop.repusel.com\/fr\/wp-json\/wp\/v2\/product_brand?post=955"},{"taxonomy":"product_cat","embeddable":true,"href":"https:\/\/shop.repusel.com\/fr\/wp-json\/wp\/v2\/product_cat?post=955"},{"taxonomy":"product_tag","embeddable":true,"href":"https:\/\/shop.repusel.com\/fr\/wp-json\/wp\/v2\/product_tag?post=955"}],"curies":[{"name":"wp","href":"https:\/\/api.w.org\/{rel}","templated":true}]}}